{"id":873,"date":"2016-09-06T09:55:06","date_gmt":"2016-09-06T07:55:06","guid":{"rendered":"http:\/\/www.nordmeyer-geotool.de\/fr\/?post_type=product&#038;p=873"},"modified":"2017-02-06T10:57:06","modified_gmt":"2017-02-06T09:57:06","slug":"copy-of-copy-of-torque-moment-set","status":"publish","type":"product","link":"https:\/\/nordmeyer-dev.projekte-web.com\/fr\/shop\/mesure\/copy-of-copy-of-torque-moment-set\/","title":{"rendered":"Set de mesure du couple de rotation"},"content":{"rendered":"<p>D&#8217;apr\u00e8s la norme DIN ISO 22476 il est n\u00e9cessaire, lors d&#8217;essais p\u00e9n\u00e9trom\u00e9triques, de mesurer le couple de rotation necessaire pour enfoncer la sonde dans le sol. Pour cela vous pouvez utiliser notre set de mesure du couple de rotation.<\/p>\n","protected":false},"excerpt":{"rendered":"<p>D&#8217;apr\u00e8s la norme DIN ISO 22476 il est n\u00e9cessaire, lors d&#8217;essais p\u00e9n\u00e9trom\u00e9triques, de mesurer le couple de rotation necessaire pour enfoncer la sonde dans le sol. Pour cela vous pouvez utiliser notre set de mesure du couple de rotation.<\/p>\n","protected":false},"featured_media":1154,"template":"","meta":[],"product_cat":[36],"product_tag":[],"_links":{"self":[{"href":"https:\/\/nordmeyer-dev.projekte-web.com\/fr\/wp-json\/wp\/v2\/product\/873"}],"collection":[{"href":"https:\/\/nordmeyer-dev.projekte-web.com\/fr\/wp-json\/wp\/v2\/product"}],"about":[{"href":"https:\/\/nordmeyer-dev.projekte-web.com\/fr\/wp-json\/wp\/v2\/types\/product"}],"wp:featuredmedia":[{"embeddable":true,"href":"https:\/\/nordmeyer-dev.projekte-web.com\/fr\/wp-json\/wp\/v2\/media\/1154"}],"wp:attachment":[{"href":"https:\/\/nordmeyer-dev.projekte-web.com\/fr\/wp-json\/wp\/v2\/media?parent=873"}],"wp:term":[{"taxonomy":"product_cat","embeddable":true,"href":"https:\/\/nordmeyer-dev.projekte-web.com\/fr\/wp-json\/wp\/v2\/product_cat?post=873"},{"taxonomy":"product_tag","embeddable":true,"href":"https:\/\/nordmeyer-dev.projekte-web.com\/fr\/wp-json\/wp\/v2\/product_tag?post=873"}],"curies":[{"name":"wp","href":"https:\/\/api.w.org\/{rel}","templated":true}]}}