{"id":870,"date":"2016-09-06T12:09:41","date_gmt":"2016-09-06T10:09:41","guid":{"rendered":"http:\/\/www.nordmeyer-geotool.de\/fr\/?post_type=product&#038;p=870"},"modified":"2017-02-06T10:51:22","modified_gmt":"2017-02-06T09:51:22","slug":"ax-01-plate-bearing-tester-2","status":"publish","type":"product","link":"https:\/\/nordmeyer-dev.projekte-web.com\/fr\/shop\/mesure\/ax-01-plate-bearing-tester-2\/","title":{"rendered":"AX 01 dispositif d&#8217;essai \u00e0 la plaque"},"content":{"rendered":"<p>Le dispositif d&#8217;essai \u00e0 la plaque AX 01a permet d&#8217;\u00e9valuer la d\u00e9formabilit\u00e9 et la r\u00e9sistance du sol et s&#8217;applique aux plates-formes d&#8217;ouvrages de construction,\u00a0 de terrassement et d&#8217;assainissement destin\u00e9es par exemple \u00e0 la construction d&#8217;infrastructures routi\u00e8res.<\/p>\n<p>La pression exerc\u00e9e sur la plaque et le d\u00e9formement qui en d\u00e9coule sont mesur\u00e9s et repr\u00e9sent\u00e9s sur un diagramme. L&#8217;unit\u00e9 d&#8217;interpr\u00e9tation permet d&#8217;appr\u00e9cier quantitativement la portance des plates-formes ainsi que leur d\u00e9formabilit\u00e9.<\/p>\n<p>Les r\u00e9sultats de l&#8217;analyse sont tout de suite visibles et il est possible de les imprimer sur place au moyen de l&#8217;imprimante thermique. Les r\u00e9sultats sont enregistr\u00e9s sur une carte SD et peuvent ainsi \u00eatre transf\u00e9r\u00e9s sur un ordinateur pour le traitement des donn\u00e9es.<\/p>\n<p>Le design compact de l&#8217;engin (Longueur x largeur x hauteur : 1150x340x260 mm) permet un transport facile dans le coffre d&#8217;une voiture.<\/p>\n","protected":false},"excerpt":{"rendered":"<p>Le dispositif d&#8217;essai \u00e0 la plaque AX 01a permet d&#8217;\u00e9valuer la d\u00e9formabilit\u00e9 et la r\u00e9sistance du sol et s&#8217;applique aux plates-formes d&#8217;ouvrages de construction,\u00a0 de terrassement et d&#8217;assainissement destin\u00e9es par exemple \u00e0 la construction d&#8217;infrastructures routi\u00e8res.<\/p>\n<p>&nbsp;<\/p>\n","protected":false},"featured_media":871,"template":"","meta":[],"product_cat":[36],"product_tag":[],"_links":{"self":[{"href":"https:\/\/nordmeyer-dev.projekte-web.com\/fr\/wp-json\/wp\/v2\/product\/870"}],"collection":[{"href":"https:\/\/nordmeyer-dev.projekte-web.com\/fr\/wp-json\/wp\/v2\/product"}],"about":[{"href":"https:\/\/nordmeyer-dev.projekte-web.com\/fr\/wp-json\/wp\/v2\/types\/product"}],"wp:featuredmedia":[{"embeddable":true,"href":"https:\/\/nordmeyer-dev.projekte-web.com\/fr\/wp-json\/wp\/v2\/media\/871"}],"wp:attachment":[{"href":"https:\/\/nordmeyer-dev.projekte-web.com\/fr\/wp-json\/wp\/v2\/media?parent=870"}],"wp:term":[{"taxonomy":"product_cat","embeddable":true,"href":"https:\/\/nordmeyer-dev.projekte-web.com\/fr\/wp-json\/wp\/v2\/product_cat?post=870"},{"taxonomy":"product_tag","embeddable":true,"href":"https:\/\/nordmeyer-dev.projekte-web.com\/fr\/wp-json\/wp\/v2\/product_tag?post=870"}],"curies":[{"name":"wp","href":"https:\/\/api.w.org\/{rel}","templated":true}]}}