{"id":652,"date":"2016-07-27T11:10:36","date_gmt":"2016-07-27T09:10:36","guid":{"rendered":"http:\/\/www.nordmeyer-geotool.de\/es\/?post_type=product&#038;p=652"},"modified":"2021-06-17T21:36:57","modified_gmt":"2021-06-17T19:36:57","slug":"lmsr-h-with-hydraulic-engine","status":"publish","type":"product","link":"https:\/\/nordmeyer-dev.projekte-web.com\/fr\/shop\/penetrometre-dynamique\/lmsr-h-with-hydraulic-engine\/","title":{"rendered":"LMSR-HK avec moteur hydraulique"},"content":{"rendered":"<p>Le p\u00e9n\u00e9trom\u00e8tre dynamique LMSR-HK est un appareil d&#8217;\u00e9tude g\u00e9otechnique hautement fonctionnel, qui permet un transport facilit\u00e9 gr\u00e2ce \u00e0 son m\u00e2t pliable ainsi qu&#8217;une grande maniabilit\u00e9 pour le travail en espace r\u00e9duit. L&#8217;appareil est transportable \u00e0 la main sur le terrain. Le m\u00e2t de forage est positionn\u00e9 verticalement au niveau du trou de forage \u00e0 l&#8217;aide d&#8217;une tige de r\u00e9glage. Le m\u00e2t et les roues reposent sur des cales (fournies avec l&#8217;appareil) durant les \u00e9tapes de travail pour plus de stabilit\u00e9.<\/p>\n<p>Le p\u00e9n\u00e9trom\u00e8tre LMSR-HK permet de r\u00e9aliser des \u00e9tudes g\u00e9otechniques\u00a0 (r\u00e9sistance et densit\u00e9 des sols). Gr\u00e2ce \u00e0 cet appareil vous pourrez r\u00e9aliser des proc\u00e9dures de sondage DPL, DPM et DPH, pour cela il suffit de modifier le poids du mouton.\u00a0 Il est \u00e9galement possible de proc\u00e8der \u00e0 des carottages gr\u00e2ce \u00e0 un tr\u00e9pier en option.<\/p>\n<p>Le p\u00e9n\u00e9trom\u00e8tre LMSR-HK est actionn\u00e9 par un moteur hydraulique n\u00e9cessitant un groupe hydraulique adapt\u00e9. Le mouton est fix\u00e9 au m\u00e2t et est manoeuvrable de mani\u00e8re hydraulique\u00a0\u00e0 la diff\u00e9rence des LMSR-VK et LMSR-EK o\u00f9 la mont\u00e9e et la descente du mouton se fait \u00e0 la main gr\u00e2ce au treuil. Un autre avantage du LMSR-HK est la possibilit\u00e9 d&#8217;utiliser un extracteur utilisant le syst\u00e8me hydraulique du p\u00e9n\u00e9trom\u00e8tre.<\/p>\n","protected":false},"excerpt":{"rendered":"<p>Le p\u00e9n\u00e9trom\u00e8tre dynamique LMSR-HK est un appareil d&#8217;\u00e9tude g\u00e9otechnique hautement fonctionnel, qui permet un transport facilit\u00e9 gr\u00e2ce \u00e0 son m\u00e2t pliable ainsi qu&#8217;une grande maniabilit\u00e9 pour le travail en espace r\u00e9duit. L&#8217;appareil est transportable \u00e0 la main sur le terrain. Le m\u00e2t de forage est positionn\u00e9 verticalement au niveau du trou de forage \u00e0 l&#8217;aide [&hellip;]<\/p>\n","protected":false},"featured_media":1616,"template":"","meta":[],"product_cat":[34],"product_tag":[195],"_links":{"self":[{"href":"https:\/\/nordmeyer-dev.projekte-web.com\/fr\/wp-json\/wp\/v2\/product\/652"}],"collection":[{"href":"https:\/\/nordmeyer-dev.projekte-web.com\/fr\/wp-json\/wp\/v2\/product"}],"about":[{"href":"https:\/\/nordmeyer-dev.projekte-web.com\/fr\/wp-json\/wp\/v2\/types\/product"}],"wp:featuredmedia":[{"embeddable":true,"href":"https:\/\/nordmeyer-dev.projekte-web.com\/fr\/wp-json\/wp\/v2\/media\/1616"}],"wp:attachment":[{"href":"https:\/\/nordmeyer-dev.projekte-web.com\/fr\/wp-json\/wp\/v2\/media?parent=652"}],"wp:term":[{"taxonomy":"product_cat","embeddable":true,"href":"https:\/\/nordmeyer-dev.projekte-web.com\/fr\/wp-json\/wp\/v2\/product_cat?post=652"},{"taxonomy":"product_tag","embeddable":true,"href":"https:\/\/nordmeyer-dev.projekte-web.com\/fr\/wp-json\/wp\/v2\/product_tag?post=652"}],"curies":[{"name":"wp","href":"https:\/\/api.w.org\/{rel}","templated":true}]}}