{"id":646,"date":"2016-07-27T11:05:06","date_gmt":"2016-07-27T09:05:06","guid":{"rendered":"http:\/\/www.nordmeyer-geotool.de\/es\/?post_type=product&#038;p=646"},"modified":"2021-06-18T07:08:27","modified_gmt":"2021-06-18T05:08:27","slug":"lmsr-modular","status":"publish","type":"product","link":"https:\/\/nordmeyer-dev.projekte-web.com\/fr\/shop\/penetrometre-dynamique\/lmsr-modular\/","title":{"rendered":"LMSR-H Modulable"},"content":{"rendered":"<p>Le p\u00e9n\u00e9trom\u00e8tre dynamique LMSR-H Modulable est un appareil d&#8217;\u00e9tude g\u00e9otechnique hautement fonctionnel, qui permet un transport facilit\u00e9 gr\u00e2ce \u00e0 son syst\u00e8me enfichable ainsi qu&#8217;une grande maniabilit\u00e9 pour le travail sur terrain difficile comme par exemple les pentes,\u00a0digues et remblais. L&#8217;appareil est transportable \u00e0 la main en pi\u00e8ces d\u00e9tach\u00e9es sur le terrain. Le syst\u00e8me est construit sur un socle stable, aux quatres coins duquel se trouvent des supports \u00e0 manivelles qui permettent de stabiliser et de niveller l&#8217;appareil. Le p\u00e9n\u00e9trom\u00e8tre LMSR-H Modulable est actionn\u00e9 par un moteur hydraulique n\u00e9cessitant un groupe hydraulique adapt\u00e9.\u00a0 Le p\u00e9n\u00e9trom\u00e8tre LMSR Modulable permet de r\u00e9aliser des \u00e9tudes g\u00e9otechniques\u00a0 (r\u00e9sistance et densit\u00e9 des sols) ainsi que des pr\u00e9l\u00e9vements d&#8217;\u00e9chantillons de sol. Gr\u00e2ce \u00e0 cet appareil vous pourrez r\u00e9aliser des proc\u00e9dures de sondage DPL, DPM et DPH et SPT pour cela il suffit de modifier le poids du mouton. Gr\u00e2ce au redressement hydraulique du m\u00e2t, il est \u00e9galement possible de r\u00e9aliser facilement des carottages.<\/p>\n<p>&nbsp;<\/p>\n","protected":false},"excerpt":{"rendered":"<p>Le p\u00e9n\u00e9trom\u00e8tre dynamique LMSR-H Modulable est un appareil d&#8217;\u00e9tude g\u00e9otechnique hautement fonctionnel, qui permet un transport facilit\u00e9 gr\u00e2ce \u00e0 son syst\u00e8me enfichable ainsi qu&#8217;une grande maniabilit\u00e9 pour le travail sur terrain difficile.<\/p>\n","protected":false},"featured_media":1600,"template":"","meta":[],"product_cat":[34],"product_tag":[197,195],"_links":{"self":[{"href":"https:\/\/nordmeyer-dev.projekte-web.com\/fr\/wp-json\/wp\/v2\/product\/646"}],"collection":[{"href":"https:\/\/nordmeyer-dev.projekte-web.com\/fr\/wp-json\/wp\/v2\/product"}],"about":[{"href":"https:\/\/nordmeyer-dev.projekte-web.com\/fr\/wp-json\/wp\/v2\/types\/product"}],"wp:featuredmedia":[{"embeddable":true,"href":"https:\/\/nordmeyer-dev.projekte-web.com\/fr\/wp-json\/wp\/v2\/media\/1600"}],"wp:attachment":[{"href":"https:\/\/nordmeyer-dev.projekte-web.com\/fr\/wp-json\/wp\/v2\/media?parent=646"}],"wp:term":[{"taxonomy":"product_cat","embeddable":true,"href":"https:\/\/nordmeyer-dev.projekte-web.com\/fr\/wp-json\/wp\/v2\/product_cat?post=646"},{"taxonomy":"product_tag","embeddable":true,"href":"https:\/\/nordmeyer-dev.projekte-web.com\/fr\/wp-json\/wp\/v2\/product_tag?post=646"}],"curies":[{"name":"wp","href":"https:\/\/api.w.org\/{rel}","templated":true}]}}