{"id":644,"date":"2016-07-27T11:03:23","date_gmt":"2016-07-27T09:03:23","guid":{"rendered":"http:\/\/www.nordmeyer-geotool.de\/es\/?post_type=product&#038;p=644"},"modified":"2021-04-16T19:31:36","modified_gmt":"2021-04-16T17:31:36","slug":"lmsr-on-trailer","status":"publish","type":"product","link":"https:\/\/nordmeyer-dev.projekte-web.com\/fr\/shop\/etude-sol\/lmsr-on-trailer\/","title":{"rendered":"LMSR sur remorque"},"content":{"rendered":"<article class=\"product sect-text\">Le p\u00e9n\u00e9trom\u00e8tre dynamique LMSR sur remorque est un appareil d&#8217;\u00e9tude g\u00e9otechnique hautement fonctionnel et polyvalent du fait de ses fonctions hydrauliques. Son transport sur remorque jusqu&#8217;au trou de forage est tr\u00e8s facile. Le m\u00e2t de forage est positionn\u00e9 verticalement au niveau du trou de forage et les trois pieds de support hydrauliques assurent une grande stabilit\u00e9 \u00e0 la remorque. Le p\u00e9n\u00e9trom\u00e8tre LMSR sur remorque permet de r\u00e9aliser des \u00e9tudes g\u00e9otechniques (r\u00e9sistance et densit\u00e9 des sols) ainsi que des pr\u00e9l\u00e9vements d&#8217;\u00e9chantillons de sol. Gr\u00e2ce \u00e0 cet appareil vous pourrez r\u00e9aliser des proc\u00e9dures de sondage DPL, DPM, DPH et SPT pour cela il suffit de modifier le poids du mouton. La hauteur de chute du mouton est modifiable. Il est \u00e9galement possible de proc\u00e8der \u00e0 des carottages et \u00e0 des carottages au marteau percuteur hydraulique ainsi que des forages de beton, asphalte ou autre.<\/p>\n<article class=\"product sect-text\">Le p\u00e9n\u00e9trom\u00e8tre LMSR sur remorque est actionn\u00e9 grace \u00e0 un groupe hydraulique. Le m\u00e2t est r\u00e9glable\u00a0 verticalement de mani\u00e8re hydraulique. L&#8217;extracteur peut-\u00eatre actionn\u00e9 au moyen du groupe hydraulique.<\/article>\n<\/article>\n","protected":false},"excerpt":{"rendered":"<p>Le p\u00e9n\u00e9trom\u00e8tre dynamique LMSR sur remorque est un appareil d&#8217;\u00e9tude g\u00e9otechnique hautement fonctionnel et polyvalent du fait de ses fonctions hydrauliques<\/p>\n","protected":false},"featured_media":1595,"template":"","meta":[],"product_cat":[133],"product_tag":[197,195],"_links":{"self":[{"href":"https:\/\/nordmeyer-dev.projekte-web.com\/fr\/wp-json\/wp\/v2\/product\/644"}],"collection":[{"href":"https:\/\/nordmeyer-dev.projekte-web.com\/fr\/wp-json\/wp\/v2\/product"}],"about":[{"href":"https:\/\/nordmeyer-dev.projekte-web.com\/fr\/wp-json\/wp\/v2\/types\/product"}],"wp:featuredmedia":[{"embeddable":true,"href":"https:\/\/nordmeyer-dev.projekte-web.com\/fr\/wp-json\/wp\/v2\/media\/1595"}],"wp:attachment":[{"href":"https:\/\/nordmeyer-dev.projekte-web.com\/fr\/wp-json\/wp\/v2\/media?parent=644"}],"wp:term":[{"taxonomy":"product_cat","embeddable":true,"href":"https:\/\/nordmeyer-dev.projekte-web.com\/fr\/wp-json\/wp\/v2\/product_cat?post=644"},{"taxonomy":"product_tag","embeddable":true,"href":"https:\/\/nordmeyer-dev.projekte-web.com\/fr\/wp-json\/wp\/v2\/product_tag?post=644"}],"curies":[{"name":"wp","href":"https:\/\/api.w.org\/{rel}","templated":true}]}}