{"id":640,"date":"2016-07-27T11:00:00","date_gmt":"2016-07-27T09:00:00","guid":{"rendered":"http:\/\/www.nordmeyer-geotool.de\/es\/?post_type=product&#038;p=640"},"modified":"2021-02-24T21:24:15","modified_gmt":"2021-02-24T20:24:15","slug":"macintosh-dp-l-probe","status":"publish","type":"product","link":"https:\/\/nordmeyer-dev.projekte-web.com\/fr\/shop\/macintosh\/macintosh-dp-l-probe\/","title":{"rendered":"Sonde Macintosh (DP-L)"},"content":{"rendered":"<article class=\"product sect-text\">La sonde Macintosh (DP-L) est une sonde manuelle tr\u00e8s maniable. Les deux poign\u00e9es lat\u00e9rales permettent de soulever le mouton de 10 kgs facilement. Apr\u00e8s relachement du mouton, celui-ci tombe sur l&#8217;enclume et transmet ainsi son \u00e9nergie \u00e0 la tige standard DP-L 22 mm avec capteurs M16. La sonde est stabilis\u00e9e verticalement \u00e0 la main sur le premier m\u00e8tre, elle est ensuite maintenue en position gr\u00e2ce \u00e0 la tige d\u00e9j\u00e0 dans le sol.<\/article>\n","protected":false},"excerpt":{"rendered":"<p>La sonde Macintosh (DP-L) est une sonde manuelle tr\u00e8s maniable.<\/p>\n","protected":false},"featured_media":1657,"template":"","meta":[],"product_cat":[35],"product_tag":[195],"_links":{"self":[{"href":"https:\/\/nordmeyer-dev.projekte-web.com\/fr\/wp-json\/wp\/v2\/product\/640"}],"collection":[{"href":"https:\/\/nordmeyer-dev.projekte-web.com\/fr\/wp-json\/wp\/v2\/product"}],"about":[{"href":"https:\/\/nordmeyer-dev.projekte-web.com\/fr\/wp-json\/wp\/v2\/types\/product"}],"wp:featuredmedia":[{"embeddable":true,"href":"https:\/\/nordmeyer-dev.projekte-web.com\/fr\/wp-json\/wp\/v2\/media\/1657"}],"wp:attachment":[{"href":"https:\/\/nordmeyer-dev.projekte-web.com\/fr\/wp-json\/wp\/v2\/media?parent=640"}],"wp:term":[{"taxonomy":"product_cat","embeddable":true,"href":"https:\/\/nordmeyer-dev.projekte-web.com\/fr\/wp-json\/wp\/v2\/product_cat?post=640"},{"taxonomy":"product_tag","embeddable":true,"href":"https:\/\/nordmeyer-dev.projekte-web.com\/fr\/wp-json\/wp\/v2\/product_tag?post=640"}],"curies":[{"name":"wp","href":"https:\/\/api.w.org\/{rel}","templated":true}]}}