{"id":638,"date":"2016-07-27T10:57:50","date_gmt":"2016-07-27T08:57:50","guid":{"rendered":"http:\/\/www.nordmeyer-geotool.de\/es\/?post_type=product&#038;p=638"},"modified":"2021-02-24T21:41:35","modified_gmt":"2021-02-24T20:41:35","slug":"macintosh-dp-l-set-complete","status":"publish","type":"product","link":"https:\/\/nordmeyer-dev.projekte-web.com\/fr\/shop\/macintosh\/macintosh-dp-l-set-complete\/","title":{"rendered":"Sonde Macintosh (DP-L) set complet"},"content":{"rendered":"<p>La sonde Macinstosh (DP-L) est une sonde manuelle tr\u00e8s maniable. Les deux poign\u00e9es lat\u00e9rales permettent de soulever le mouton de 10 kgs facilement. Apr\u00e8s relachement du mouton, celui-ci tombe sur l&#8217;enclume et transmet ainsi son \u00e9nergie \u00e0 la tige standard DP-L 22 mm avec capteurs M16. La sonde est stabilis\u00e9e verticalement \u00e0 la main sur le premier m\u00e8tre, elle est ensuite maintenue en position gr\u00e2ce \u00e0 la tige d\u00e9j\u00e0 dans le sol.<\/p>\n<p>L&#8217;\u00e9quipement est compl\u00e9t\u00e9 par des tiges, connecteurs de fils et autres outils. Le set complet de la sonde Macintosh (DP-L) est fourni dans un coffret. Le transport sur le terrain se fait facilement et ne n\u00e9cessite qu&#8217;une personne gr\u00e2ce \u00e0 un syst\u00e8me modulable sur remorque. Les roues et l&#8217;essieu peuvent \u00eatre d\u00e9mont\u00e9s facilement et rang\u00e9s dans le coffret pour le transport dans une voiture.<\/p>\n","protected":false},"excerpt":{"rendered":"<p>La sonde Macintosh (DP-L) est une sonde manuelle tr\u00e8s maniable. Le transport sur le terrain se fait facilement et ne n\u00e9cessite qu&#039;une personne gr\u00e2ce \u00e0 un syst\u00e8me modulable sur remorque.<\/p>\n","protected":false},"featured_media":1658,"template":"","meta":[],"product_cat":[35],"product_tag":[195],"_links":{"self":[{"href":"https:\/\/nordmeyer-dev.projekte-web.com\/fr\/wp-json\/wp\/v2\/product\/638"}],"collection":[{"href":"https:\/\/nordmeyer-dev.projekte-web.com\/fr\/wp-json\/wp\/v2\/product"}],"about":[{"href":"https:\/\/nordmeyer-dev.projekte-web.com\/fr\/wp-json\/wp\/v2\/types\/product"}],"wp:featuredmedia":[{"embeddable":true,"href":"https:\/\/nordmeyer-dev.projekte-web.com\/fr\/wp-json\/wp\/v2\/media\/1658"}],"wp:attachment":[{"href":"https:\/\/nordmeyer-dev.projekte-web.com\/fr\/wp-json\/wp\/v2\/media?parent=638"}],"wp:term":[{"taxonomy":"product_cat","embeddable":true,"href":"https:\/\/nordmeyer-dev.projekte-web.com\/fr\/wp-json\/wp\/v2\/product_cat?post=638"},{"taxonomy":"product_tag","embeddable":true,"href":"https:\/\/nordmeyer-dev.projekte-web.com\/fr\/wp-json\/wp\/v2\/product_tag?post=638"}],"curies":[{"name":"wp","href":"https:\/\/api.w.org\/{rel}","templated":true}]}}