{"id":634,"date":"2016-07-27T10:55:01","date_gmt":"2016-07-27T08:55:01","guid":{"rendered":"http:\/\/www.nordmeyer-geotool.de\/es\/?post_type=product&#038;p=634"},"modified":"2021-03-27T11:50:11","modified_gmt":"2021-03-27T10:50:11","slug":"pr-13","status":"publish","type":"product","link":"https:\/\/nordmeyer-dev.projekte-web.com\/fr\/shop\/echantillonnage-pneumatique\/pr-13\/","title":{"rendered":"P\u00e9n\u00e9trom\u00e8tre pneumatique PR 30"},"content":{"rendered":"<p>Le p\u00e9n\u00e9trom\u00e8tre PR30 est utilisable gr\u00e2ce \u00e0 sa tige-piston pour des sondages moyennement lourds. Un poids suppl\u00e9mentaire de 20 kgs en option est pour cela gliss\u00e9 dans le cylindre et fix\u00e9 par un collier de serrage.<\/p>\n<p>Le p\u00e9n\u00e9trom\u00e8tre pneumatique PR 30 r\u00e9unit une technique ayant fait ses preuves au cours de nombreuses ann\u00e9es et une conception de haute qualit\u00e9. Le cylindre poss\u00e8de ainsi un rev\u00eatement en poudre tr\u00e8s r\u00e9sistant, les autres composants sont\u00a0 galvanis\u00e9s, ce qui prot\u00e8ge la sonde contre la rouille et vous assure m\u00eame apr\u00e8s de nombreuses utilisations un appareil de contr\u00f4le fonctionnel et s\u00fbr. Les tiges de transport prot\u00e8gent l&#8217;appareil durant le transport et permettent une manutention facilit\u00e9e gr\u00e2ce aux poign\u00e9es. Gr\u00e2ce aux tiges de s\u00e9curit\u00e9, vous pourrez r\u00e9aliser le sondage en toute s\u00e9curit\u00e9 avec une distance de s\u00e9curit\u00e9 de 1 m par rapport au trou de forage. Le p\u00e9n\u00e9trom\u00e8tre pneumatique PR30 poss\u00e8de une certification anti-bruit 2000\/14\/EG.<\/p>\n<p>&nbsp;<\/p>\n","protected":false},"excerpt":{"rendered":"<p>Le p\u00e9n\u00e9trom\u00e8tre PR30 est utilisable gr\u00e2ce \u00e0 sa tige-piston pour des sondages moyennement lourds. Un poids suppl\u00e9mentaire de 20 kgs en option est pour cela gliss\u00e9 dans le cylindre et fix\u00e9 par un collier de serrage. Le p\u00e9n\u00e9trom\u00e8tre pneumatique PR 30 r\u00e9unit une technique ayant fait ses preuves au cours de nombreuses ann\u00e9es et une [&hellip;]<\/p>\n","protected":false},"featured_media":635,"template":"","meta":[],"product_cat":[37],"product_tag":[195],"_links":{"self":[{"href":"https:\/\/nordmeyer-dev.projekte-web.com\/fr\/wp-json\/wp\/v2\/product\/634"}],"collection":[{"href":"https:\/\/nordmeyer-dev.projekte-web.com\/fr\/wp-json\/wp\/v2\/product"}],"about":[{"href":"https:\/\/nordmeyer-dev.projekte-web.com\/fr\/wp-json\/wp\/v2\/types\/product"}],"wp:featuredmedia":[{"embeddable":true,"href":"https:\/\/nordmeyer-dev.projekte-web.com\/fr\/wp-json\/wp\/v2\/media\/635"}],"wp:attachment":[{"href":"https:\/\/nordmeyer-dev.projekte-web.com\/fr\/wp-json\/wp\/v2\/media?parent=634"}],"wp:term":[{"taxonomy":"product_cat","embeddable":true,"href":"https:\/\/nordmeyer-dev.projekte-web.com\/fr\/wp-json\/wp\/v2\/product_cat?post=634"},{"taxonomy":"product_tag","embeddable":true,"href":"https:\/\/nordmeyer-dev.projekte-web.com\/fr\/wp-json\/wp\/v2\/product_tag?post=634"}],"curies":[{"name":"wp","href":"https:\/\/api.w.org\/{rel}","templated":true}]}}