{"id":630,"date":"2016-07-27T10:53:31","date_gmt":"2016-07-27T08:53:31","guid":{"rendered":"http:\/\/www.nordmeyer-geotool.de\/es\/?post_type=product&#038;p=630"},"modified":"2017-03-15T13:32:03","modified_gmt":"2017-03-15T12:32:03","slug":"compressor-vd-14-b-petrol","status":"publish","type":"product","link":"https:\/\/nordmeyer-dev.projekte-web.com\/fr\/shop\/echantillonnage-pneumatique\/compressor-vd-14-b-petrol\/","title":{"rendered":"Compresseur VD 14-B (essence)"},"content":{"rendered":"<p>Le compresseur VD14-B est un assistant de confiance, avec une garantie de 24 mois sur les d\u00e9gats d&#8217;usures. Notre nouvelle conception innovante vous permet de renoncer totalement aux pastilles de charbon. Le compresseur VD14-B a une long\u00e9vit\u00e9 d&#8217;environ 10.000 h jusqu&#8217;\u00e0 la premi\u00e8re r\u00e9paration. Son r\u00e9gime bas (2800 tours\/min) m\u00e9nage le moteur GX-Honda (gamme professionelle, garantie de 3 ans) et vous permet de travailler facilement, avec un impact sonore limit\u00e9.<\/p>\n<p>Le compresseur VD14-B dispose d&#8217;un plateau pour la sonde ainsi que d&#8217;un rangement pour les outils et est livr\u00e9 avec un tuyau \u00e0 air comprim\u00e9 avec soupape de r\u00e9gulation.<\/p>\n","protected":false},"excerpt":{"rendered":"<p>Le compresseur VD14-B est un assistant de confiance, avec une garantie de 24 mois sur les d\u00e9gats d&#8217;usures. Notre nouvelle conception innovante vous permet de renoncer totalement aux pastilles de charbon. Le compresseur VD14-B a une long\u00e9vit\u00e9 d&#8217;environ 10.000 h jusqu&#8217;\u00e0 la premi\u00e8re r\u00e9paration. Son r\u00e9gime bas (2800 tours\/min) m\u00e9nage le moteur GX-Honda (gamme professionelle, [&hellip;]<\/p>\n","protected":false},"featured_media":1175,"template":"","meta":[],"product_cat":[37],"product_tag":[],"_links":{"self":[{"href":"https:\/\/nordmeyer-dev.projekte-web.com\/fr\/wp-json\/wp\/v2\/product\/630"}],"collection":[{"href":"https:\/\/nordmeyer-dev.projekte-web.com\/fr\/wp-json\/wp\/v2\/product"}],"about":[{"href":"https:\/\/nordmeyer-dev.projekte-web.com\/fr\/wp-json\/wp\/v2\/types\/product"}],"wp:featuredmedia":[{"embeddable":true,"href":"https:\/\/nordmeyer-dev.projekte-web.com\/fr\/wp-json\/wp\/v2\/media\/1175"}],"wp:attachment":[{"href":"https:\/\/nordmeyer-dev.projekte-web.com\/fr\/wp-json\/wp\/v2\/media?parent=630"}],"wp:term":[{"taxonomy":"product_cat","embeddable":true,"href":"https:\/\/nordmeyer-dev.projekte-web.com\/fr\/wp-json\/wp\/v2\/product_cat?post=630"},{"taxonomy":"product_tag","embeddable":true,"href":"https:\/\/nordmeyer-dev.projekte-web.com\/fr\/wp-json\/wp\/v2\/product_tag?post=630"}],"curies":[{"name":"wp","href":"https:\/\/api.w.org\/{rel}","templated":true}]}}