{"id":628,"date":"2016-07-27T10:52:12","date_gmt":"2016-07-27T08:52:12","guid":{"rendered":"http:\/\/www.nordmeyer-geotool.de\/es\/?post_type=product&#038;p=628"},"modified":"2017-03-15T13:32:09","modified_gmt":"2017-03-15T12:32:09","slug":"compressor-vd-14-e-electric","status":"publish","type":"product","link":"https:\/\/nordmeyer-dev.projekte-web.com\/fr\/shop\/echantillonnage-pneumatique\/compressor-vd-14-e-electric\/","title":{"rendered":"Compresseur VD 14-E (\u00e9lectrique)"},"content":{"rendered":"<p>Le compresseur VD 14-E est un assistant de confiance, avec une garantie de 24 mois sur les d\u00e9gats d&#8217;usures. Notre nouvelle conception innovante vous permet de renoncer totalement aux pastilles de charbon. Le compresseur VD14-B a une long\u00e9vit\u00e9 d&#8217;environ 10.000 h jusqu&#8217;\u00e0 la premi\u00e8re r\u00e9paration. Son r\u00e9gime bas (2800 tours\/min) m\u00e9nage le moteur et vous permet de travailler avec un impact sonore limit\u00e9.<\/p>\n<p>Le compresseur \u00e9lectrique VD14-E p\u00e8se seulement 17 kg et est livr\u00e9 avec un tuyau \u00e0 air comprim\u00e9 avec soupape de r\u00e9gulation.<\/p>\n","protected":false},"excerpt":{"rendered":"<p>Le compresseur VD 14-E vous permet de travailler avec un impact sonore limit\u00e9 et dispose d&#8217;une long\u00e9vit\u00e9 remarquable.<\/p>\n","protected":false},"featured_media":629,"template":"","meta":[],"product_cat":[37],"product_tag":[],"_links":{"self":[{"href":"https:\/\/nordmeyer-dev.projekte-web.com\/fr\/wp-json\/wp\/v2\/product\/628"}],"collection":[{"href":"https:\/\/nordmeyer-dev.projekte-web.com\/fr\/wp-json\/wp\/v2\/product"}],"about":[{"href":"https:\/\/nordmeyer-dev.projekte-web.com\/fr\/wp-json\/wp\/v2\/types\/product"}],"wp:featuredmedia":[{"embeddable":true,"href":"https:\/\/nordmeyer-dev.projekte-web.com\/fr\/wp-json\/wp\/v2\/media\/629"}],"wp:attachment":[{"href":"https:\/\/nordmeyer-dev.projekte-web.com\/fr\/wp-json\/wp\/v2\/media?parent=628"}],"wp:term":[{"taxonomy":"product_cat","embeddable":true,"href":"https:\/\/nordmeyer-dev.projekte-web.com\/fr\/wp-json\/wp\/v2\/product_cat?post=628"},{"taxonomy":"product_tag","embeddable":true,"href":"https:\/\/nordmeyer-dev.projekte-web.com\/fr\/wp-json\/wp\/v2\/product_tag?post=628"}],"curies":[{"name":"wp","href":"https:\/\/api.w.org\/{rel}","templated":true}]}}