{"id":622,"date":"2016-07-27T10:48:32","date_gmt":"2016-07-27T08:48:32","guid":{"rendered":"http:\/\/www.nordmeyer-geotool.de\/es\/?post_type=product&#038;p=622"},"modified":"2021-06-21T10:45:23","modified_gmt":"2021-06-21T08:45:23","slug":"gtr-780-standard","status":"publish","type":"product","link":"https:\/\/nordmeyer-dev.projekte-web.com\/fr\/shop\/etude-sol\/gtr-780-standard\/","title":{"rendered":"GTR 780"},"content":{"rendered":"<p>Cette sonde compacte est con\u00e7ue pour r\u00e9aliser des essais de p\u00e9n\u00e9tration d&#8217;apr\u00e8s les normes DIN ISO 22476-2 et DIN ISO 22476-3 (anciennement DIN 4094) et permet de r\u00e9aliser des essais p\u00e9n\u00e9trom\u00e9triques l\u00e9gers (DPL), moyennement lourds (DPM), lourds (DPH) et tr\u00e8s lourds (DPSH\/SPT) en modifiant le poids du mouton. La hauteur de chute du mouton est r\u00e9glable (50 cm et 75 cm). La sonde GTR 780 standard peut aussi \u00eatre utilis\u00e9e pour des carottages jusqu&#8217;\u00e0 un diam\u00e8tre de 90 cm. La sonde est mont\u00e9e sur un engin chenill\u00e9 tout-terrain, capable de rouler sur des terrains en pente jusqu&#8217;\u00e0 30 degr\u00e9s. Le m\u00e2t est r\u00e9glable de 30\u00b0 vers l&#8217;arri\u00e8re et de 35\u00b0 vers l&#8217;avant ainsi que de 12\u00b0 sur le c\u00f4t\u00e9 de mani\u00e8re \u00e0 pouvoir travailler verticalement quelque soit le terrain.<\/p>\n<p>La sonde GTR 780 standard est totalement hydraulique avec extracteur int\u00e9gr\u00e9. Le m\u00e2t, d&#8217;une longueur utile de 1200 mm, est pliable pour le transport. L&#8217;engin poss\u00e8de des fixations pour l&#8217;extracteur hydraulique, les cales et tous les autres outils de fa\u00e7on \u00e0 avoir toujours l&#8217;\u00e9quipement n\u00e9cessaire sur place.<\/p>\n","protected":false},"excerpt":{"rendered":"<p>Cette sonde compacte est con\u00e7ue pour r\u00e9aliser des essais de p\u00e9n\u00e9tration d&#8217;apr\u00e8s les normes DIN ISO 22476-2 et DIN ISO 22476-3 (anciennement DIN 4094) et permet de r\u00e9aliser des essais p\u00e9n\u00e9trom\u00e9triques l\u00e9gers (DPL), moyennement lourds (DPM), lourds (DPH) et tr\u00e8s lourds (DPSH\/SPT) en modifiant le poids du mouton.<\/p>\n","protected":false},"featured_media":1568,"template":"","meta":[],"product_cat":[133],"product_tag":[197,195],"_links":{"self":[{"href":"https:\/\/nordmeyer-dev.projekte-web.com\/fr\/wp-json\/wp\/v2\/product\/622"}],"collection":[{"href":"https:\/\/nordmeyer-dev.projekte-web.com\/fr\/wp-json\/wp\/v2\/product"}],"about":[{"href":"https:\/\/nordmeyer-dev.projekte-web.com\/fr\/wp-json\/wp\/v2\/types\/product"}],"wp:featuredmedia":[{"embeddable":true,"href":"https:\/\/nordmeyer-dev.projekte-web.com\/fr\/wp-json\/wp\/v2\/media\/1568"}],"wp:attachment":[{"href":"https:\/\/nordmeyer-dev.projekte-web.com\/fr\/wp-json\/wp\/v2\/media?parent=622"}],"wp:term":[{"taxonomy":"product_cat","embeddable":true,"href":"https:\/\/nordmeyer-dev.projekte-web.com\/fr\/wp-json\/wp\/v2\/product_cat?post=622"},{"taxonomy":"product_tag","embeddable":true,"href":"https:\/\/nordmeyer-dev.projekte-web.com\/fr\/wp-json\/wp\/v2\/product_tag?post=622"}],"curies":[{"name":"wp","href":"https:\/\/api.w.org\/{rel}","templated":true}]}}