{"id":620,"date":"2016-07-27T10:46:22","date_gmt":"2016-07-27T08:46:22","guid":{"rendered":"http:\/\/www.nordmeyer-geotool.de\/es\/?post_type=product&#038;p=620"},"modified":"2021-06-17T20:31:03","modified_gmt":"2021-06-17T18:31:03","slug":"gtr-790","status":"publish","type":"product","link":"https:\/\/nordmeyer-dev.projekte-web.com\/fr\/shop\/etude-sol\/gtr-790\/","title":{"rendered":"GTR 790"},"content":{"rendered":"<article class=\"product sect-text\">La chenille de sondage GTR 790 est une \u00e9volution de la GTR 780 V et r\u00e9unit les avantages de la GTR 780 standard et de la GTR 780 V. La GTR 790 est une chenille de sondage moderne, qui b\u00e9n\u00e9ficie d&#8217;une exp\u00e9rience de plus de 25 ans sur le terrain. Toutes ses fonctions sont hydrauliques ce qui r\u00e9duit consid\u00e9rablement les contraintes physiques. La sonde est actionn\u00e9e par un moteur thermique, Honda GX 390, et est con\u00e7ue de mani\u00e8re \u00e0 pouvoir actionner diff\u00e9rents embouts frontaux. Vous pourrez ainsi aussi bien r\u00e9aliser des essais p\u00e9n\u00e9trom\u00e9triques gr\u00e2ce \u00e0 un mouton SPT, que des carottages au marteau hydraulique.\u00a0<span class=\"st\"><em>\u00c0<\/em><\/span> l&#8217;aide de la foreuse il est \u00e9galement possible percer au travers de couches de beton ou d&#8217;asphalte.La GTR 790 convient aussi aux forages de plus petits diam\u00e8tres jusqu&#8217;\u00e0 125 mm. Elle dispose d&#8217;un extracteur int\u00e9gr\u00e9 et d&#8217;un m\u00e2t pliable ainsi que de fixations et rangements pour les tubes, cylindres et autres outils de fa\u00e7on \u00e0 avoir toujours l&#8217;\u00e9quipement n\u00e9cessaire sur place.<\/article>\n<p>&nbsp;<\/p>\n","protected":false},"excerpt":{"rendered":"<p>La chenille de sondage GTR 790 est une \u00e9volution de la GTR 780 V et r\u00e9unit les avantages de la GTR 780 standard et de la GTR 780 V. La GTR 790 est une chenille de sondage moderne, qui b\u00e9n\u00e9ficie d&#8217;une exp\u00e9rience de plus de 25 ans sur le terrain. Toutes ses fonctions sont hydrauliques ce qui r\u00e9duit consid\u00e9rablement les contraintes physiques.<\/p>\n","protected":false},"featured_media":1655,"template":"","meta":[],"product_cat":[133],"product_tag":[197,195],"_links":{"self":[{"href":"https:\/\/nordmeyer-dev.projekte-web.com\/fr\/wp-json\/wp\/v2\/product\/620"}],"collection":[{"href":"https:\/\/nordmeyer-dev.projekte-web.com\/fr\/wp-json\/wp\/v2\/product"}],"about":[{"href":"https:\/\/nordmeyer-dev.projekte-web.com\/fr\/wp-json\/wp\/v2\/types\/product"}],"wp:featuredmedia":[{"embeddable":true,"href":"https:\/\/nordmeyer-dev.projekte-web.com\/fr\/wp-json\/wp\/v2\/media\/1655"}],"wp:attachment":[{"href":"https:\/\/nordmeyer-dev.projekte-web.com\/fr\/wp-json\/wp\/v2\/media?parent=620"}],"wp:term":[{"taxonomy":"product_cat","embeddable":true,"href":"https:\/\/nordmeyer-dev.projekte-web.com\/fr\/wp-json\/wp\/v2\/product_cat?post=620"},{"taxonomy":"product_tag","embeddable":true,"href":"https:\/\/nordmeyer-dev.projekte-web.com\/fr\/wp-json\/wp\/v2\/product_tag?post=620"}],"curies":[{"name":"wp","href":"https:\/\/api.w.org\/{rel}","templated":true}]}}