{"id":618,"date":"2016-07-27T10:44:20","date_gmt":"2016-07-27T08:44:20","guid":{"rendered":"http:\/\/www.nordmeyer-geotool.de\/es\/?post_type=product&#038;p=618"},"modified":"2017-01-30T15:15:18","modified_gmt":"2017-01-30T14:15:18","slug":"wacker-eh-50","status":"publish","type":"product","link":"https:\/\/nordmeyer-dev.projekte-web.com\/fr\/shop\/marteaux-piqueurs-outils-equipement\/marteau-piqueur-electrique\/wacker-eh-50\/","title":{"rendered":"Wacker EH 50"},"content":{"rendered":"<div class=\"grid-50 grid-col\">Le mod\u00e8le d&#8217;entr\u00e9e de gamme EH 50 convainc avec son \u00e9nergie de frappe par coup 50 joules et son dispositif d&#8217;amortissement complet du capot rend le travail plus confortable. L&#8217;amortissement de vibrations r\u00e9duit les vibrations main-bras \u00e0 4,8 m\/s\u00b2*, augmentant ainsi la qualit\u00e9 des r\u00e9sultats du EH 50 sur la dur\u00e9e.<\/div>\n","protected":false},"excerpt":{"rendered":"<p>Le mod\u00e8le d&#8217;entr\u00e9e de gamme EH 50 convainc avec son \u00e9nergie de frappe par coup 50 joules et son dispositif d&#8217;amortissement complet du capot rend le travail plus confortable. L&#8217;amortissement de vibrations r\u00e9duit les vibrations main-bras \u00e0 4,8 m\/s\u00b2*, augmentant ainsi la qualit\u00e9 des r\u00e9sultats du EH 50 sur la dur\u00e9e.<\/p>\n","protected":false},"featured_media":619,"template":"","meta":[],"product_cat":[18],"product_tag":[],"_links":{"self":[{"href":"https:\/\/nordmeyer-dev.projekte-web.com\/fr\/wp-json\/wp\/v2\/product\/618"}],"collection":[{"href":"https:\/\/nordmeyer-dev.projekte-web.com\/fr\/wp-json\/wp\/v2\/product"}],"about":[{"href":"https:\/\/nordmeyer-dev.projekte-web.com\/fr\/wp-json\/wp\/v2\/types\/product"}],"wp:featuredmedia":[{"embeddable":true,"href":"https:\/\/nordmeyer-dev.projekte-web.com\/fr\/wp-json\/wp\/v2\/media\/619"}],"wp:attachment":[{"href":"https:\/\/nordmeyer-dev.projekte-web.com\/fr\/wp-json\/wp\/v2\/media?parent=618"}],"wp:term":[{"taxonomy":"product_cat","embeddable":true,"href":"https:\/\/nordmeyer-dev.projekte-web.com\/fr\/wp-json\/wp\/v2\/product_cat?post=618"},{"taxonomy":"product_tag","embeddable":true,"href":"https:\/\/nordmeyer-dev.projekte-web.com\/fr\/wp-json\/wp\/v2\/product_tag?post=618"}],"curies":[{"name":"wp","href":"https:\/\/api.w.org\/{rel}","templated":true}]}}