{"id":616,"date":"2016-07-27T10:43:50","date_gmt":"2016-07-27T08:43:50","guid":{"rendered":"http:\/\/www.nordmeyer-geotool.de\/es\/?post_type=product&#038;p=616"},"modified":"2017-01-30T15:15:29","modified_gmt":"2017-01-30T14:15:29","slug":"wacker-eh-75","status":"publish","type":"product","link":"https:\/\/nordmeyer-dev.projekte-web.com\/fr\/shop\/marteaux-piqueurs-outils-equipement\/marteau-piqueur-electrique\/wacker-eh-75\/","title":{"rendered":"Wacker EH 75"},"content":{"rendered":"<div class=\"grid-50 grid-col\">Avec ses 75 joules d&#8217;\u00e9nergie de frappe par coup pour un poids de 25 kg, le marteau de d\u00e9molition \u00e9lectrique EH 75 Wacker Neuson est unique sur le march\u00e9. Agr\u00e9ablement l\u00e9ger mais puissant, il impressionne par son syst\u00e8me de percussion optimis\u00e9 onde de choc \u00e0 piston creux et son moteur asynchrone \u00e0 entrainement sans balais de carbone. Et gr\u00e2ce \u00e0 son dispositif d&#8217;amortissement complet du capot, il offre un excellent amortissement des vibrations main-bras. La fr\u00e9quence de graissage a \u00e9t\u00e9 am\u00e9lior\u00e9e et fix\u00e9e \u00e0 30 heures. Vous gagnez du temps et de l&#8217;argent.<\/div>\n","protected":false},"excerpt":{"rendered":"<p>Avec ses 75 joules d&#8217;\u00e9nergie de frappe par coup pour un poids de 25 kg, le marteau de d\u00e9molition \u00e9lectrique EH 75 Wacker Neuson est unique sur le march\u00e9.<\/p>\n","protected":false},"featured_media":617,"template":"","meta":[],"product_cat":[18],"product_tag":[],"_links":{"self":[{"href":"https:\/\/nordmeyer-dev.projekte-web.com\/fr\/wp-json\/wp\/v2\/product\/616"}],"collection":[{"href":"https:\/\/nordmeyer-dev.projekte-web.com\/fr\/wp-json\/wp\/v2\/product"}],"about":[{"href":"https:\/\/nordmeyer-dev.projekte-web.com\/fr\/wp-json\/wp\/v2\/types\/product"}],"wp:featuredmedia":[{"embeddable":true,"href":"https:\/\/nordmeyer-dev.projekte-web.com\/fr\/wp-json\/wp\/v2\/media\/617"}],"wp:attachment":[{"href":"https:\/\/nordmeyer-dev.projekte-web.com\/fr\/wp-json\/wp\/v2\/media?parent=616"}],"wp:term":[{"taxonomy":"product_cat","embeddable":true,"href":"https:\/\/nordmeyer-dev.projekte-web.com\/fr\/wp-json\/wp\/v2\/product_cat?post=616"},{"taxonomy":"product_tag","embeddable":true,"href":"https:\/\/nordmeyer-dev.projekte-web.com\/fr\/wp-json\/wp\/v2\/product_tag?post=616"}],"curies":[{"name":"wp","href":"https:\/\/api.w.org\/{rel}","templated":true}]}}