{"id":614,"date":"2016-07-27T10:42:27","date_gmt":"2016-07-27T08:42:27","guid":{"rendered":"http:\/\/www.nordmeyer-geotool.de\/es\/?post_type=product&#038;p=614"},"modified":"2017-03-15T13:33:27","modified_gmt":"2017-03-15T12:33:27","slug":"wacker-eh-100","status":"publish","type":"product","link":"https:\/\/nordmeyer-dev.projekte-web.com\/fr\/shop\/marteaux-piqueurs-outils-equipement\/marteau-piqueur-electrique\/wacker-eh-100\/","title":{"rendered":"Wacker EH 100"},"content":{"rendered":"<div class=\"grid-50 grid-col\">\n<div class=\"row\">\n<div class=\"column col-6\">\n<div class=\"text\">Le Wacker EH 100 pose les jalons d&#8217;une nouvelle classe de performance dans la d\u00e9molition. Comparable \u00e0 n&#8217;importe quel appareil pneumatique, c&#8217;est le marteau-piqueur le plus puissant dans la cat\u00e9gorie des 30 kg. Gr\u00e2ce \u00e0 sa flexibilit\u00e9 d&#8217;utilisation sup\u00e9rieure et son efficacit\u00e9 extr\u00eame, il est donn\u00e9 gagnant dans chaque test de comparaison de rentabilit\u00e9. Facile \u00e0 transporter, d&#8217;utilisation flexible, vous pouvez l&#8217;utiliser rapidement et simplement sans compresseur portable.<\/div>\n<\/div>\n<\/div>\n<\/div>\n","protected":false},"excerpt":{"rendered":"<p>Le Wacker EH 100 pose les jalons d&#8217;une nouvelle classe de performance dans la d\u00e9molition. Comparable \u00e0 n&#8217;importe quel appareil pneumatique, c&#8217;est le marteau-piqueur le plus puissant dans la cat\u00e9gorie des 30 kg.<\/p>\n","protected":false},"featured_media":615,"template":"","meta":[],"product_cat":[18],"product_tag":[],"_links":{"self":[{"href":"https:\/\/nordmeyer-dev.projekte-web.com\/fr\/wp-json\/wp\/v2\/product\/614"}],"collection":[{"href":"https:\/\/nordmeyer-dev.projekte-web.com\/fr\/wp-json\/wp\/v2\/product"}],"about":[{"href":"https:\/\/nordmeyer-dev.projekte-web.com\/fr\/wp-json\/wp\/v2\/types\/product"}],"wp:featuredmedia":[{"embeddable":true,"href":"https:\/\/nordmeyer-dev.projekte-web.com\/fr\/wp-json\/wp\/v2\/media\/615"}],"wp:attachment":[{"href":"https:\/\/nordmeyer-dev.projekte-web.com\/fr\/wp-json\/wp\/v2\/media?parent=614"}],"wp:term":[{"taxonomy":"product_cat","embeddable":true,"href":"https:\/\/nordmeyer-dev.projekte-web.com\/fr\/wp-json\/wp\/v2\/product_cat?post=614"},{"taxonomy":"product_tag","embeddable":true,"href":"https:\/\/nordmeyer-dev.projekte-web.com\/fr\/wp-json\/wp\/v2\/product_tag?post=614"}],"curies":[{"name":"wp","href":"https:\/\/api.w.org\/{rel}","templated":true}]}}