{"id":612,"date":"2016-07-27T10:41:11","date_gmt":"2016-07-27T08:41:11","guid":{"rendered":"http:\/\/www.nordmeyer-geotool.de\/es\/?post_type=product&#038;p=612"},"modified":"2021-04-16T19:47:05","modified_gmt":"2021-04-16T17:47:05","slug":"makita-hm-1400","status":"publish","type":"product","link":"https:\/\/nordmeyer-dev.projekte-web.com\/fr\/shop\/marteaux-piqueurs-outils-equipement\/marteau-piqueur-electrique\/makita-hm-1400\/","title":{"rendered":"Makita HM 1400"},"content":{"rendered":"<p>Le mod\u00e8le HM 1400 de Makita est un marteau piqueur \u00e9lectrique pour les travaux de d\u00e9molition de rev\u00eatements routiers, fondations et piliers en beton. Il poss\u00e8de un emmanchement hexagonal \u00e0 glissi\u00e8re ferm\u00e9e de 30 mm qui s&#8217;adapte aux contraintes \u00e9lev\u00e9es ainsi que des fentes de ventilations lat\u00e9rales pour \u00e9viter la surchauffe du moteur.<\/p>\n","protected":false},"excerpt":{"rendered":"<p>Le mod\u00e8le HM 1400 de Makita est un marteau piqueur \u00e9lectrique tr\u00e8s puissant.<\/p>\n","protected":false},"featured_media":613,"template":"","meta":[],"product_cat":[17,18],"product_tag":[],"_links":{"self":[{"href":"https:\/\/nordmeyer-dev.projekte-web.com\/fr\/wp-json\/wp\/v2\/product\/612"}],"collection":[{"href":"https:\/\/nordmeyer-dev.projekte-web.com\/fr\/wp-json\/wp\/v2\/product"}],"about":[{"href":"https:\/\/nordmeyer-dev.projekte-web.com\/fr\/wp-json\/wp\/v2\/types\/product"}],"wp:featuredmedia":[{"embeddable":true,"href":"https:\/\/nordmeyer-dev.projekte-web.com\/fr\/wp-json\/wp\/v2\/media\/613"}],"wp:attachment":[{"href":"https:\/\/nordmeyer-dev.projekte-web.com\/fr\/wp-json\/wp\/v2\/media?parent=612"}],"wp:term":[{"taxonomy":"product_cat","embeddable":true,"href":"https:\/\/nordmeyer-dev.projekte-web.com\/fr\/wp-json\/wp\/v2\/product_cat?post=612"},{"taxonomy":"product_tag","embeddable":true,"href":"https:\/\/nordmeyer-dev.projekte-web.com\/fr\/wp-json\/wp\/v2\/product_tag?post=612"}],"curies":[{"name":"wp","href":"https:\/\/api.w.org\/{rel}","templated":true}]}}