{"id":610,"date":"2016-07-27T10:40:36","date_gmt":"2016-07-27T08:40:36","guid":{"rendered":"http:\/\/www.nordmeyer-geotool.de\/es\/?post_type=product&#038;p=610"},"modified":"2021-04-16T19:47:09","modified_gmt":"2021-04-16T17:47:09","slug":"bosch-gsh-27-vc","status":"publish","type":"product","link":"https:\/\/nordmeyer-dev.projekte-web.com\/fr\/shop\/marteaux-piqueurs-outils-equipement\/marteau-piqueur-electrique\/bosch-gsh-27-vc\/","title":{"rendered":"Bosch GSH 27 VC"},"content":{"rendered":"<p>Ceci est le brise-b\u00e9ton le plus puissant de la marque Bosch. Il offre une capacit\u00e9 de frappe exceptionnelle et poss\u00e8de une dur\u00e9e de vie tr\u00e8s importante gr\u00e2ce \u00e0 des composants de grande qualit\u00e9 en aluminium et en acier. Les poign\u00e9es ergonomiques \u00e0 rev\u00eatement Softgrip et son centre de gravit\u00e9 plac\u00e9 tr\u00e8s bas offrent une maniabilit\u00e9 optimale. La surface antid\u00e9rapante de l&#8217;outil lui \u00e9vite tout glissement.<\/p>\n","protected":false},"excerpt":{"rendered":"<p>Ceci est le brise-b\u00e9ton le plus puissant de la marque Bosch. Il offre une capacit\u00e9 de frappe exceptionnelle et poss\u00e8de une dur\u00e9e de vie tr\u00e8s importante gr\u00e2ce \u00e0 des composants de grande qualit\u00e9 en aluminium et en acier. Les poign\u00e9es ergonomiques \u00e0 rev\u00eatement Softgrip et son centre de gravit\u00e9 plac\u00e9 tr\u00e8s bas offrent une maniabilit\u00e9 optimale. La surface antid\u00e9rapante de l&#8217;outil lui \u00e9vite tout glissement.<\/p>\n","protected":false},"featured_media":611,"template":"","meta":[],"product_cat":[17,18],"product_tag":[],"_links":{"self":[{"href":"https:\/\/nordmeyer-dev.projekte-web.com\/fr\/wp-json\/wp\/v2\/product\/610"}],"collection":[{"href":"https:\/\/nordmeyer-dev.projekte-web.com\/fr\/wp-json\/wp\/v2\/product"}],"about":[{"href":"https:\/\/nordmeyer-dev.projekte-web.com\/fr\/wp-json\/wp\/v2\/types\/product"}],"wp:featuredmedia":[{"embeddable":true,"href":"https:\/\/nordmeyer-dev.projekte-web.com\/fr\/wp-json\/wp\/v2\/media\/611"}],"wp:attachment":[{"href":"https:\/\/nordmeyer-dev.projekte-web.com\/fr\/wp-json\/wp\/v2\/media?parent=610"}],"wp:term":[{"taxonomy":"product_cat","embeddable":true,"href":"https:\/\/nordmeyer-dev.projekte-web.com\/fr\/wp-json\/wp\/v2\/product_cat?post=610"},{"taxonomy":"product_tag","embeddable":true,"href":"https:\/\/nordmeyer-dev.projekte-web.com\/fr\/wp-json\/wp\/v2\/product_tag?post=610"}],"curies":[{"name":"wp","href":"https:\/\/api.w.org\/{rel}","templated":true}]}}