{"id":608,"date":"2016-07-27T10:39:55","date_gmt":"2016-07-27T08:39:55","guid":{"rendered":"http:\/\/www.nordmeyer-geotool.de\/es\/?post_type=product&#038;p=608"},"modified":"2021-04-16T19:47:12","modified_gmt":"2021-04-16T17:47:12","slug":"bosch-gsh-16-30","status":"publish","type":"product","link":"https:\/\/nordmeyer-dev.projekte-web.com\/fr\/shop\/marteaux-piqueurs-outils-equipement\/marteau-piqueur-electrique\/bosch-gsh-16-30\/","title":{"rendered":"Bosch GSH 16-30"},"content":{"rendered":"<p>Le brise-b\u00e9ton GSH 16-30 de la marque Bosch poss\u00e8de une long\u00e9vit\u00e9 importante gr\u00e2ce \u00e0 une conception robuste et \u00e0 l\u2019utilisation de mat\u00e9riaux de qualit\u00e9. Sa maniabilit\u00e9 est excellente du fait de la poign\u00e9e de grande taille. Il poss\u00e8de une capacit\u00e9 d\u2019enl\u00e8vement record gr\u00e2ce \u00e0 la force de percussion de 41 J et au puissant moteur de 1\u2009750 W.<\/p>\n","protected":false},"excerpt":{"rendered":"<p>Le brise-b\u00e9ton GSH 16-30 de la marque Bosch poss\u00e8de une long\u00e9vit\u00e9 importante gr\u00e2ce \u00e0 une conception robuste et \u00e0 l\u2019utilisation de mat\u00e9riaux de qualit\u00e9. Sa maniabilit\u00e9 est excellente du fait de sa poign\u00e9e de grande taille. Il poss\u00e8de une capacit\u00e9 d\u2019enl\u00e8vement record gr\u00e2ce \u00e0 la force de percussion de 41 J et au puissant moteur de 1\u2009750 W.<\/p>\n","protected":false},"featured_media":609,"template":"","meta":[],"product_cat":[17,18],"product_tag":[],"_links":{"self":[{"href":"https:\/\/nordmeyer-dev.projekte-web.com\/fr\/wp-json\/wp\/v2\/product\/608"}],"collection":[{"href":"https:\/\/nordmeyer-dev.projekte-web.com\/fr\/wp-json\/wp\/v2\/product"}],"about":[{"href":"https:\/\/nordmeyer-dev.projekte-web.com\/fr\/wp-json\/wp\/v2\/types\/product"}],"wp:featuredmedia":[{"embeddable":true,"href":"https:\/\/nordmeyer-dev.projekte-web.com\/fr\/wp-json\/wp\/v2\/media\/609"}],"wp:attachment":[{"href":"https:\/\/nordmeyer-dev.projekte-web.com\/fr\/wp-json\/wp\/v2\/media?parent=608"}],"wp:term":[{"taxonomy":"product_cat","embeddable":true,"href":"https:\/\/nordmeyer-dev.projekte-web.com\/fr\/wp-json\/wp\/v2\/product_cat?post=608"},{"taxonomy":"product_tag","embeddable":true,"href":"https:\/\/nordmeyer-dev.projekte-web.com\/fr\/wp-json\/wp\/v2\/product_tag?post=608"}],"curies":[{"name":"wp","href":"https:\/\/api.w.org\/{rel}","templated":true}]}}