{"id":604,"date":"2016-07-27T10:38:39","date_gmt":"2016-07-27T08:38:39","guid":{"rendered":"http:\/\/www.nordmeyer-geotool.de\/es\/?post_type=product&#038;p=604"},"modified":"2021-04-16T19:47:30","modified_gmt":"2021-04-16T17:47:30","slug":"wacker-bh-65","status":"publish","type":"product","link":"https:\/\/nordmeyer-dev.projekte-web.com\/fr\/shop\/marteaux-piqueurs-outils-equipement\/marteau-piqueur-essence\/wacker-bh-65\/","title":{"rendered":"Wacker BH 65"},"content":{"rendered":"<p>Le marteau thermique BH65 a la plus grande \u00e9nergie de frappe par coup et le meilleur rapport puissance-poids. Avec ses 65 joules, il est le plus puissant de sa cat\u00e9gorie, avec un taux de vibration main-bras tr\u00e8s r\u00e9duit. Avec son moteur \u00e0 faible \u00e9mission Wacker Neuson, le BH65 est un compagnon efficace et productif pour toutes les interventions sur site.<\/p>\n","protected":false},"excerpt":{"rendered":"<p>Le marteau thermique BH65 a la plus grande \u00e9nergie de frappe par coup et le meilleur rapport puissance-poids. Avec ses 65 joules, il est le plus puissant de sa cat\u00e9gorie, avec un taux de vibration main-bras tr\u00e8s r\u00e9duit. Avec son moteur \u00e0 faible \u00e9mission Wacker Neuson, le BH65 est un compagnon efficace et productif pour toutes les interventions sur site.<\/p>\n","protected":false},"featured_media":605,"template":"","meta":[],"product_cat":[17,20],"product_tag":[],"_links":{"self":[{"href":"https:\/\/nordmeyer-dev.projekte-web.com\/fr\/wp-json\/wp\/v2\/product\/604"}],"collection":[{"href":"https:\/\/nordmeyer-dev.projekte-web.com\/fr\/wp-json\/wp\/v2\/product"}],"about":[{"href":"https:\/\/nordmeyer-dev.projekte-web.com\/fr\/wp-json\/wp\/v2\/types\/product"}],"wp:featuredmedia":[{"embeddable":true,"href":"https:\/\/nordmeyer-dev.projekte-web.com\/fr\/wp-json\/wp\/v2\/media\/605"}],"wp:attachment":[{"href":"https:\/\/nordmeyer-dev.projekte-web.com\/fr\/wp-json\/wp\/v2\/media?parent=604"}],"wp:term":[{"taxonomy":"product_cat","embeddable":true,"href":"https:\/\/nordmeyer-dev.projekte-web.com\/fr\/wp-json\/wp\/v2\/product_cat?post=604"},{"taxonomy":"product_tag","embeddable":true,"href":"https:\/\/nordmeyer-dev.projekte-web.com\/fr\/wp-json\/wp\/v2\/product_tag?post=604"}],"curies":[{"name":"wp","href":"https:\/\/api.w.org\/{rel}","templated":true}]}}