{"id":578,"date":"2016-07-27T10:12:15","date_gmt":"2016-07-27T08:12:15","guid":{"rendered":"http:\/\/www.nordmeyer-geotool.de\/es\/?post_type=product&#038;p=578"},"modified":"2021-03-08T14:40:59","modified_gmt":"2021-03-08T13:40:59","slug":"gtb-1500","status":"publish","type":"product","link":"https:\/\/nordmeyer-dev.projekte-web.com\/fr\/shop\/forage\/gtb-1500\/","title":{"rendered":"GTB 1500 NEO"},"content":{"rendered":"<p>La GTB 1500 NEO est une foreuse universelle. De conception tr\u00e8s robuste, elle est utilisable pour divers travaux de forage. Avec ses 2 tonnes de poids total, elle est transportable sur remorque. Toutes ses fonctions sont hydrauliques. Gr\u00e2ce \u00e0 ses nombreux accessoires suppl\u00e9mentaires, elle s&#8217;adapte \u00e0 toutes les situations.<\/p>\n<p>&nbsp;<\/p>\n","protected":false},"excerpt":{"rendered":"<p>La GTB 1500 NEO est une foreuse universelle. De conception tr\u00e8s robuste, elle est utilisable pour divers travaux de forage.<\/p>\n","protected":false},"featured_media":1560,"template":"","meta":[],"product_cat":[33],"product_tag":[199,198],"_links":{"self":[{"href":"https:\/\/nordmeyer-dev.projekte-web.com\/fr\/wp-json\/wp\/v2\/product\/578"}],"collection":[{"href":"https:\/\/nordmeyer-dev.projekte-web.com\/fr\/wp-json\/wp\/v2\/product"}],"about":[{"href":"https:\/\/nordmeyer-dev.projekte-web.com\/fr\/wp-json\/wp\/v2\/types\/product"}],"wp:featuredmedia":[{"embeddable":true,"href":"https:\/\/nordmeyer-dev.projekte-web.com\/fr\/wp-json\/wp\/v2\/media\/1560"}],"wp:attachment":[{"href":"https:\/\/nordmeyer-dev.projekte-web.com\/fr\/wp-json\/wp\/v2\/media?parent=578"}],"wp:term":[{"taxonomy":"product_cat","embeddable":true,"href":"https:\/\/nordmeyer-dev.projekte-web.com\/fr\/wp-json\/wp\/v2\/product_cat?post=578"},{"taxonomy":"product_tag","embeddable":true,"href":"https:\/\/nordmeyer-dev.projekte-web.com\/fr\/wp-json\/wp\/v2\/product_tag?post=578"}],"curies":[{"name":"wp","href":"https:\/\/api.w.org\/{rel}","templated":true}]}}