{"id":574,"date":"2016-07-27T10:10:28","date_gmt":"2016-07-27T08:10:28","guid":{"rendered":"http:\/\/www.nordmeyer-geotool.de\/es\/?post_type=product&#038;p=574"},"modified":"2021-04-16T19:42:03","modified_gmt":"2021-04-16T17:42:03","slug":"manual-puller-with-plate","status":"publish","type":"product","link":"https:\/\/nordmeyer-dev.projekte-web.com\/fr\/shop\/extraction-de-tiges-equipement\/extraction-manuel\/manual-puller-with-plate\/","title":{"rendered":"Extracteur manuel avec plaque"},"content":{"rendered":"<p>L&#8217;extracteur manuel est le plus simple de nos extracteurs. Une pince grenouille est fix\u00e9e au tube \u00e0 extraire et l&#8217;ensemble est extrait gr\u00e2ce \u00e0 un levier. La plaque permet de positionner l&#8217;extracteur et sert de surface d&#8217;appui durant l&#8217;extraction.<\/p>\n","protected":false},"excerpt":{"rendered":"<p>Un extracteur manuel facile \u00e0 utiliser.<\/p>\n","protected":false},"featured_media":1659,"template":"","meta":[],"product_cat":[38,50],"product_tag":[196],"_links":{"self":[{"href":"https:\/\/nordmeyer-dev.projekte-web.com\/fr\/wp-json\/wp\/v2\/product\/574"}],"collection":[{"href":"https:\/\/nordmeyer-dev.projekte-web.com\/fr\/wp-json\/wp\/v2\/product"}],"about":[{"href":"https:\/\/nordmeyer-dev.projekte-web.com\/fr\/wp-json\/wp\/v2\/types\/product"}],"wp:featuredmedia":[{"embeddable":true,"href":"https:\/\/nordmeyer-dev.projekte-web.com\/fr\/wp-json\/wp\/v2\/media\/1659"}],"wp:attachment":[{"href":"https:\/\/nordmeyer-dev.projekte-web.com\/fr\/wp-json\/wp\/v2\/media?parent=574"}],"wp:term":[{"taxonomy":"product_cat","embeddable":true,"href":"https:\/\/nordmeyer-dev.projekte-web.com\/fr\/wp-json\/wp\/v2\/product_cat?post=574"},{"taxonomy":"product_tag","embeddable":true,"href":"https:\/\/nordmeyer-dev.projekte-web.com\/fr\/wp-json\/wp\/v2\/product_tag?post=574"}],"curies":[{"name":"wp","href":"https:\/\/api.w.org\/{rel}","templated":true}]}}