{"id":570,"date":"2016-07-27T10:08:45","date_gmt":"2016-07-27T08:08:45","guid":{"rendered":"http:\/\/www.nordmeyer-geotool.de\/es\/?post_type=product&#038;p=570"},"modified":"2021-04-16T19:42:10","modified_gmt":"2021-04-16T17:42:10","slug":"two-arm-puller","status":"publish","type":"product","link":"https:\/\/nordmeyer-dev.projekte-web.com\/fr\/shop\/extraction-de-tiges-equipement\/extraction-manuel\/two-arm-puller\/","title":{"rendered":"Extracteur manuel double tige"},"content":{"rendered":"<p>Les extracteurs manuels sont une alternative \u00e9conomique aux extracteurs hydrauliques. L&#8217;extracteur manuel double tige poss\u00e8de une force d&#8217;extraction de 60 kN (6t). Il s&#8217;agit d&#8217;un outil robuste avec glissi\u00e8res en laiton. Les deux leviers ont chacun une longueur de 1,8 m. L&#8217;extracteur est utilisable avec des pinces \u00e0 rotules et pinces \u00e0 \u00e9tau.<\/p>\n","protected":false},"excerpt":{"rendered":"<p>Les extracteurs manuels sont une alternative \u00e9conomique aux extracteurs hydrauliques. L&#8217;extracteur manuel double tige poss\u00e8de une force d&#8217;extraction de 60 kN (6t).<\/p>\n","protected":false},"featured_media":1661,"template":"","meta":[],"product_cat":[38,50],"product_tag":[196],"_links":{"self":[{"href":"https:\/\/nordmeyer-dev.projekte-web.com\/fr\/wp-json\/wp\/v2\/product\/570"}],"collection":[{"href":"https:\/\/nordmeyer-dev.projekte-web.com\/fr\/wp-json\/wp\/v2\/product"}],"about":[{"href":"https:\/\/nordmeyer-dev.projekte-web.com\/fr\/wp-json\/wp\/v2\/types\/product"}],"wp:featuredmedia":[{"embeddable":true,"href":"https:\/\/nordmeyer-dev.projekte-web.com\/fr\/wp-json\/wp\/v2\/media\/1661"}],"wp:attachment":[{"href":"https:\/\/nordmeyer-dev.projekte-web.com\/fr\/wp-json\/wp\/v2\/media?parent=570"}],"wp:term":[{"taxonomy":"product_cat","embeddable":true,"href":"https:\/\/nordmeyer-dev.projekte-web.com\/fr\/wp-json\/wp\/v2\/product_cat?post=570"},{"taxonomy":"product_tag","embeddable":true,"href":"https:\/\/nordmeyer-dev.projekte-web.com\/fr\/wp-json\/wp\/v2\/product_tag?post=570"}],"curies":[{"name":"wp","href":"https:\/\/api.w.org\/{rel}","templated":true}]}}