{"id":562,"date":"2016-07-27T10:05:00","date_gmt":"2016-07-27T08:05:00","guid":{"rendered":"http:\/\/www.nordmeyer-geotool.de\/es\/?post_type=product&#038;p=562"},"modified":"2021-06-17T22:23:09","modified_gmt":"2021-06-17T20:23:09","slug":"zg14-r","status":"publish","type":"product","link":"https:\/\/nordmeyer-dev.projekte-web.com\/fr\/shop\/extraction-de-tiges-equipement\/extraction-hydraulique\/zg14-r\/","title":{"rendered":"ZGS-19E"},"content":{"rendered":"<article class=\"product sect-text\">Le ZG 14-R est un extracteur hydraulique puissant (6,5 PS) avec \u00e9l\u00e9vateur \u00e0 deux cylindres HE60 construit dans une cage de protection. Les extracteurs hydrauliques avec moteur essence Geotechnik-Dunkel \/ Nordmeyer GEOTOOL sont \u00e9quip\u00e9s exclusivement de moteurs industriels HONDA de la ligne professionelle Gx-S\u00e9rie (3 ans de garantie). Ils sont les plus faciles \u00e0 d\u00e9marrer et les plus fiables du march\u00e9 avec une longue dur\u00e9e de vie. Gr\u00e2ce \u00e0 la possibilit\u00e9 de combiner les diff\u00e9rents groupes hydrauliques et extracteurs, vous b\u00e9n\u00e9ficiez d&#8217;une force d&#8217;extraction allant de 90 kN jusqu&#8217;\u00e0 250 kN, avec une vitesse d&#8217;extraction jusqu&#8217;\u00e0 3 m\u00e8tres\/min. Les unit\u00e9s de levage jusqu&#8217;\u00e0 90 kN sont livr\u00e9es\u00a0 avec une unit\u00e9 3 cylindres, pour les forces d&#8217;extractions sup\u00e9rieures, avec une unit\u00e9 renforc\u00e9e compos\u00e9e de deux cylindres r\u00e9sitants.Muni de plaques de sol convexes et d&#8217;un syst\u00e8me de retenue pour les tiges, le ZG 14-R fournit un niveau \u00e9l\u00e9v\u00e9 de comfort d&#8217;utilisation et de m\u00e9nagement des outils.<\/article>\n","protected":false},"excerpt":{"rendered":"<p>Le ZG 14-R est un extracteur hydraulique puissant (6,5 PS) avec \u00e9l\u00e9vateur \u00e0 deux cylindres HE60 construit dans une cage de protection. Les extracteurs hydrauliques avec moteur essence Geotechnik-Dunkel \/ Nordmeyer GEOTOOL sont \u00e9quip\u00e9s exclusivement de moteurs industriels HONDA de la ligne professionelle Gx-S\u00e9rie (3 ans de garantie). Ils sont les plus faciles \u00e0 d\u00e9marrer [&hellip;]<\/p>\n","protected":false},"featured_media":1810,"template":"","meta":[],"product_cat":[38,49],"product_tag":[196],"_links":{"self":[{"href":"https:\/\/nordmeyer-dev.projekte-web.com\/fr\/wp-json\/wp\/v2\/product\/562"}],"collection":[{"href":"https:\/\/nordmeyer-dev.projekte-web.com\/fr\/wp-json\/wp\/v2\/product"}],"about":[{"href":"https:\/\/nordmeyer-dev.projekte-web.com\/fr\/wp-json\/wp\/v2\/types\/product"}],"wp:featuredmedia":[{"embeddable":true,"href":"https:\/\/nordmeyer-dev.projekte-web.com\/fr\/wp-json\/wp\/v2\/media\/1810"}],"wp:attachment":[{"href":"https:\/\/nordmeyer-dev.projekte-web.com\/fr\/wp-json\/wp\/v2\/media?parent=562"}],"wp:term":[{"taxonomy":"product_cat","embeddable":true,"href":"https:\/\/nordmeyer-dev.projekte-web.com\/fr\/wp-json\/wp\/v2\/product_cat?post=562"},{"taxonomy":"product_tag","embeddable":true,"href":"https:\/\/nordmeyer-dev.projekte-web.com\/fr\/wp-json\/wp\/v2\/product_tag?post=562"}],"curies":[{"name":"wp","href":"https:\/\/api.w.org\/{rel}","templated":true}]}}