{"id":558,"date":"2016-07-27T10:03:56","date_gmt":"2016-07-27T08:03:56","guid":{"rendered":"http:\/\/www.nordmeyer-geotool.de\/es\/?post_type=product&#038;p=558"},"modified":"2021-06-17T22:23:36","modified_gmt":"2021-06-17T20:23:36","slug":"zgm-13e","status":"publish","type":"product","link":"https:\/\/nordmeyer-dev.projekte-web.com\/fr\/shop\/extraction-de-tiges-equipement\/extraction-hydraulique\/zgm-13e\/","title":{"rendered":"ZGS-14E"},"content":{"rendered":"<p>Le ZGM-13E est un extracteur hydraulique compact portable avec moteur \u00e9lectrique et \u00e9l\u00e9vateur \u00e0 deux cylindres HE60. Les extracteurs hydrauliques avec moteurs \u00e9lectriques Geotechnik-Dunkel \/ Nordmeyer GEOTOOL sont \u00e9quip\u00e9s exclusivement de moteurs \u00e9lectriques 1,5 kW 230 V. Ces moteurs sont l\u00e9gers et fonctionnent avec la plupart des groupes \u00e9lectrog\u00e8nes \u00e0 partir de 2,2 kVA. Gr\u00e2ce \u00e0 la possibilit\u00e9 de combiner les diff\u00e9rents groupes hydrauliques et extracteurs, vous b\u00e9n\u00e9ficiez d&#8217;une force d&#8217;extraction allant de 90 kN jusqu&#8217;\u00e0 170 kN. Les unit\u00e9s de levage jusqu&#8217;\u00e0 90 kN sont livr\u00e9es\u00a0 avec une unit\u00e9 3 cylindres, pour les forces d&#8217;extractions sup\u00e9rieures, avec une unit\u00e9 renforc\u00e9e compos\u00e9e de deux cylindres r\u00e9sitants.<\/p>\n<p>Muni de plaques de sol convexes et d&#8217;un syst\u00e8me de retenue pour les tiges, le ZGM-13E fournit un niveau \u00e9l\u00e9v\u00e9 de comfort d&#8217;utilisation et de m\u00e9nagement des outils.<\/p>\n","protected":false},"excerpt":{"rendered":"<p>Le ZGM-13E est un extracteur hydraulique compact portable avec moteur \u00e9lectrique et \u00e9l\u00e9vateur \u00e0 deux cylindres HE60. Les extracteurs hydrauliques avec moteurs \u00e9lectriques Geotechnik-Dunkel \/ Nordmeyer GEOTOOL sont \u00e9quip\u00e9s exclusivement de moteurs \u00e9lectriques 1,5 kW 230 V. Ces moteurs sont l\u00e9gers et fonctionnent avec la plupart des groupes \u00e9lectrog\u00e8nes \u00e0 partir de 2,2 kVA. Gr\u00e2ce [&hellip;]<\/p>\n","protected":false},"featured_media":1809,"template":"","meta":[],"product_cat":[38,49],"product_tag":[196],"_links":{"self":[{"href":"https:\/\/nordmeyer-dev.projekte-web.com\/fr\/wp-json\/wp\/v2\/product\/558"}],"collection":[{"href":"https:\/\/nordmeyer-dev.projekte-web.com\/fr\/wp-json\/wp\/v2\/product"}],"about":[{"href":"https:\/\/nordmeyer-dev.projekte-web.com\/fr\/wp-json\/wp\/v2\/types\/product"}],"wp:featuredmedia":[{"embeddable":true,"href":"https:\/\/nordmeyer-dev.projekte-web.com\/fr\/wp-json\/wp\/v2\/media\/1809"}],"wp:attachment":[{"href":"https:\/\/nordmeyer-dev.projekte-web.com\/fr\/wp-json\/wp\/v2\/media?parent=558"}],"wp:term":[{"taxonomy":"product_cat","embeddable":true,"href":"https:\/\/nordmeyer-dev.projekte-web.com\/fr\/wp-json\/wp\/v2\/product_cat?post=558"},{"taxonomy":"product_tag","embeddable":true,"href":"https:\/\/nordmeyer-dev.projekte-web.com\/fr\/wp-json\/wp\/v2\/product_tag?post=558"}],"curies":[{"name":"wp","href":"https:\/\/api.w.org\/{rel}","templated":true}]}}