{"id":556,"date":"2016-07-27T10:03:18","date_gmt":"2016-07-27T08:03:18","guid":{"rendered":"http:\/\/www.nordmeyer-geotool.de\/es\/?post_type=product&#038;p=556"},"modified":"2021-06-21T15:44:42","modified_gmt":"2021-06-21T13:44:42","slug":"edas","status":"publish","type":"product","link":"https:\/\/nordmeyer-dev.projekte-web.com\/fr\/shop\/mesure\/edas\/","title":{"rendered":"APADYN"},"content":{"rendered":"<p>Le syst\u00e8me d\u2019acquisition APADYN\u00ae permet l\u2019acquisition de donn\u00e9es d\u2019un sondage en monde P\u00e9n\u00e9trom\u00e8tre Dynamique type PDB (enregistrement du nombre de coups selon la norme NF EN ISO 22476-2) ainsi qu\u2019en mode contr\u00f4le de compactage (mesure de l\u2019enfoncement par coup avec courbes enveloppes selon la norme NF P 94-063) et en mode SPT (d\u00e9termination de la r\u00e9sistance \u00e0 la p\u00e9n\u00e9tration selon la norme NF EN ISO 22476-3).<\/p>\n","protected":false},"excerpt":{"rendered":"<p>Le syst\u00e8me d\u2019acquisition APADYN\u00ae permet l\u2019acquisition de donn\u00e9es d\u2019un sondage en monde P\u00e9n\u00e9trom\u00e8tre Dynamique type PDB (enregistrement du nombre de coups selon la norme NF EN ISO 22476-2) ainsi qu\u2019en mode contr\u00f4le de compactage (mesure de l\u2019enfoncement par coup avec courbes enveloppes selon la norme NF P 94-063) et en mode SPT (d\u00e9termination de la [&hellip;]<\/p>\n","protected":false},"featured_media":1883,"template":"","meta":[],"product_cat":[36],"product_tag":[],"_links":{"self":[{"href":"https:\/\/nordmeyer-dev.projekte-web.com\/fr\/wp-json\/wp\/v2\/product\/556"}],"collection":[{"href":"https:\/\/nordmeyer-dev.projekte-web.com\/fr\/wp-json\/wp\/v2\/product"}],"about":[{"href":"https:\/\/nordmeyer-dev.projekte-web.com\/fr\/wp-json\/wp\/v2\/types\/product"}],"wp:featuredmedia":[{"embeddable":true,"href":"https:\/\/nordmeyer-dev.projekte-web.com\/fr\/wp-json\/wp\/v2\/media\/1883"}],"wp:attachment":[{"href":"https:\/\/nordmeyer-dev.projekte-web.com\/fr\/wp-json\/wp\/v2\/media?parent=556"}],"wp:term":[{"taxonomy":"product_cat","embeddable":true,"href":"https:\/\/nordmeyer-dev.projekte-web.com\/fr\/wp-json\/wp\/v2\/product_cat?post=556"},{"taxonomy":"product_tag","embeddable":true,"href":"https:\/\/nordmeyer-dev.projekte-web.com\/fr\/wp-json\/wp\/v2\/product_tag?post=556"}],"curies":[{"name":"wp","href":"https:\/\/api.w.org\/{rel}","templated":true}]}}