{"id":554,"date":"2016-07-27T10:02:45","date_gmt":"2016-07-27T08:02:45","guid":{"rendered":"http:\/\/www.nordmeyer-geotool.de\/es\/?post_type=product&#038;p=554"},"modified":"2017-02-06T10:38:29","modified_gmt":"2017-02-06T09:38:29","slug":"dynamic-pressure-testing-rig","status":"publish","type":"product","link":"https:\/\/nordmeyer-dev.projekte-web.com\/fr\/shop\/mesure\/dynamic-pressure-testing-rig\/","title":{"rendered":"P\u00e9n\u00e9trom\u00e8tre dynamique l\u00e9ger \u00e0 battage manuel"},"content":{"rendered":"<p>Les essais de p\u00e9n\u00e9tration dynamique sont utilis\u00e9s par exemple dans les travaux de terrassement et de construction de voies de communication. Ils permettent d&#8217;\u00e9valuer la d\u00e9formabilit\u00e9 et la r\u00e9sistance du sol. La proc\u00e9dure d&#8217;essai est destin\u00e9e aux sols \u00e0 gros grains pour une taille de grains maximale de 63 mm et permet de d\u00e9terminer le module dynamique de d\u00e9formation dans une zone de mesure de E = 15&#8230;80 MM\/ m\u00b2.<\/p>\n<p>Du fait de son utilisation simple et de la possibilit\u00e9 de visualiser les r\u00e9sultats de l&#8217;analyse imm\u00e9diatement, le p\u00e9n\u00e9trom\u00e8tre dynamique l\u00e9ger \u00e0 battage manuel est particulierement utile pour une surveillance interne de l&#8217;exploitation. La personne responsable peut ainsi d\u00e9cider rapidement sur place de la poursuite du projet.<\/p>\n<p>&nbsp;<\/p>\n","protected":false},"excerpt":{"rendered":"<p>Les essais de p\u00e9n\u00e9tration dynamique sont utilis\u00e9s par exemple dans les travaux de terrassement et de construction de voies de communication. Ils permettent d&#8217;\u00e9valuer la d\u00e9formabilit\u00e9 et la r\u00e9sistance du sol.<\/p>\n","protected":false},"featured_media":555,"template":"","meta":[],"product_cat":[36],"product_tag":[],"_links":{"self":[{"href":"https:\/\/nordmeyer-dev.projekte-web.com\/fr\/wp-json\/wp\/v2\/product\/554"}],"collection":[{"href":"https:\/\/nordmeyer-dev.projekte-web.com\/fr\/wp-json\/wp\/v2\/product"}],"about":[{"href":"https:\/\/nordmeyer-dev.projekte-web.com\/fr\/wp-json\/wp\/v2\/types\/product"}],"wp:featuredmedia":[{"embeddable":true,"href":"https:\/\/nordmeyer-dev.projekte-web.com\/fr\/wp-json\/wp\/v2\/media\/555"}],"wp:attachment":[{"href":"https:\/\/nordmeyer-dev.projekte-web.com\/fr\/wp-json\/wp\/v2\/media?parent=554"}],"wp:term":[{"taxonomy":"product_cat","embeddable":true,"href":"https:\/\/nordmeyer-dev.projekte-web.com\/fr\/wp-json\/wp\/v2\/product_cat?post=554"},{"taxonomy":"product_tag","embeddable":true,"href":"https:\/\/nordmeyer-dev.projekte-web.com\/fr\/wp-json\/wp\/v2\/product_tag?post=554"}],"curies":[{"name":"wp","href":"https:\/\/api.w.org\/{rel}","templated":true}]}}