{"id":552,"date":"2016-07-27T10:02:20","date_gmt":"2016-07-27T08:02:20","guid":{"rendered":"http:\/\/www.nordmeyer-geotool.de\/es\/?post_type=product&#038;p=552"},"modified":"2016-11-14T16:07:20","modified_gmt":"2016-11-14T15:07:20","slug":"static-plate-load-tester","status":"publish","type":"product","link":"https:\/\/nordmeyer-dev.projekte-web.com\/fr\/shop\/mesure\/static-plate-load-tester\/","title":{"rendered":"Ensemble de mesure de portance \u00e0 la plaque"},"content":{"rendered":"<p>L&#8217;ensemble de mesure de portance \u00e0 la plaque permet de mesurer la d\u00e9formabilit\u00e9 et la r\u00e9sistance du sol selon la norme DIN 18134. Nous vous proposons le mod\u00e8le classique avec v\u00e9rin de 50 kN ou 100 kN. Sur demande avec syst\u00e8me d&#8217;enregistrement \u00e9lectronique permettant une analyse des r\u00e9sultats sur place.<\/p>\n<p>L&#8217;ensemble de chargement est tr\u00e8s robuste et facile \u00e0 utiliser. La poutre poss\u00e8de une s\u00e9curit\u00e9 pour le transport et une protection lat\u00e9rale pour le fl\u00e9au. La poutre de mesure est t\u00e9l\u00e9scopique et est prot\u00e9g\u00e9e des salissures gr\u00e2ce \u00e0 un rev\u00eatement en t\u00e9flon. Le comparateur digital est conforme aux normes DIN et dans sa version \u00e9tanche est prot\u00e9g\u00e9 des projections d&#8217;eau (IP54). Le coffret sur mesure PeliCase (inclu) est \u00e9tanche et r\u00e9sistant.<\/p>\n<p>Vous pouvez commander en option le coffret de transport comprenant un coffret en bois l\u00e9ger et une boite en aluminium, transportables chacun par une personne.<\/p>\n<p>&nbsp;<\/p>\n<p>&nbsp;<\/p>\n<p>&nbsp;<\/p>\n<p>&nbsp;<\/p>\n<p>&nbsp;<\/p>\n","protected":false},"excerpt":{"rendered":"<p>L&#8217;ensemble de mesure de portance \u00e0 la plaque permet de mesurer la d\u00e9formabilit\u00e9 et la r\u00e9sistance du sol selon la norme DIN 18134. Nous vous proposons le mod\u00e8le classique avec v\u00e9rin de 50 kN ou 100 kN.<\/p>\n","protected":false},"featured_media":553,"template":"","meta":[],"product_cat":[36],"product_tag":[],"_links":{"self":[{"href":"https:\/\/nordmeyer-dev.projekte-web.com\/fr\/wp-json\/wp\/v2\/product\/552"}],"collection":[{"href":"https:\/\/nordmeyer-dev.projekte-web.com\/fr\/wp-json\/wp\/v2\/product"}],"about":[{"href":"https:\/\/nordmeyer-dev.projekte-web.com\/fr\/wp-json\/wp\/v2\/types\/product"}],"wp:featuredmedia":[{"embeddable":true,"href":"https:\/\/nordmeyer-dev.projekte-web.com\/fr\/wp-json\/wp\/v2\/media\/553"}],"wp:attachment":[{"href":"https:\/\/nordmeyer-dev.projekte-web.com\/fr\/wp-json\/wp\/v2\/media?parent=552"}],"wp:term":[{"taxonomy":"product_cat","embeddable":true,"href":"https:\/\/nordmeyer-dev.projekte-web.com\/fr\/wp-json\/wp\/v2\/product_cat?post=552"},{"taxonomy":"product_tag","embeddable":true,"href":"https:\/\/nordmeyer-dev.projekte-web.com\/fr\/wp-json\/wp\/v2\/product_tag?post=552"}],"curies":[{"name":"wp","href":"https:\/\/api.w.org\/{rel}","templated":true}]}}