{"id":550,"date":"2016-07-27T10:01:50","date_gmt":"2016-07-27T08:01:50","guid":{"rendered":"http:\/\/www.nordmeyer-geotool.de\/es\/?post_type=product&#038;p=550"},"modified":"2017-02-06T10:54:32","modified_gmt":"2017-02-06T09:54:32","slug":"light-acoustic-solder","status":"publish","type":"product","link":"https:\/\/nordmeyer-dev.projekte-web.com\/fr\/shop\/mesure\/light-acoustic-solder\/","title":{"rendered":"Sonde niveau pi\u00e9zom\u00e9trique"},"content":{"rendered":"<p>Les sondes de niveau pi\u00e9zom\u00e9triques permettent la mesure du niveau d&#8217;eau dans les puits, les pi\u00e9zom\u00e8tres, les forages&#8230;etc. Notre sonde est con\u00e7ue et fabriqu\u00e9e en Allemagne et permet la mesure du niveau d&#8217;eau dans les plus petits trous de forage, jusqu&#8217;\u00e0 une profondeur de 1000 m. Gr\u00e2ce \u00e0 ses \u00e9metteurs de signaux sonores et optiques, la sonde est fiable m\u00eame par niveau sonore \u00e9lev\u00e9 et ensoleillement fort.<\/p>\n<p>&nbsp;<\/p>\n","protected":false},"excerpt":{"rendered":"<p>Les sondes de niveau pi\u00e9zom\u00e9triques permettent la mesure du niveau d&#8217;eau dans les puits, les pi\u00e9zom\u00e8tres, les forages&#8230;etc.<\/p>\n","protected":false},"featured_media":551,"template":"","meta":[],"product_cat":[36],"product_tag":[],"_links":{"self":[{"href":"https:\/\/nordmeyer-dev.projekte-web.com\/fr\/wp-json\/wp\/v2\/product\/550"}],"collection":[{"href":"https:\/\/nordmeyer-dev.projekte-web.com\/fr\/wp-json\/wp\/v2\/product"}],"about":[{"href":"https:\/\/nordmeyer-dev.projekte-web.com\/fr\/wp-json\/wp\/v2\/types\/product"}],"wp:featuredmedia":[{"embeddable":true,"href":"https:\/\/nordmeyer-dev.projekte-web.com\/fr\/wp-json\/wp\/v2\/media\/551"}],"wp:attachment":[{"href":"https:\/\/nordmeyer-dev.projekte-web.com\/fr\/wp-json\/wp\/v2\/media?parent=550"}],"wp:term":[{"taxonomy":"product_cat","embeddable":true,"href":"https:\/\/nordmeyer-dev.projekte-web.com\/fr\/wp-json\/wp\/v2\/product_cat?post=550"},{"taxonomy":"product_tag","embeddable":true,"href":"https:\/\/nordmeyer-dev.projekte-web.com\/fr\/wp-json\/wp\/v2\/product_tag?post=550"}],"curies":[{"name":"wp","href":"https:\/\/api.w.org\/{rel}","templated":true}]}}