{"id":546,"date":"2016-07-27T09:57:35","date_gmt":"2016-07-27T07:57:35","guid":{"rendered":"http:\/\/www.nordmeyer-geotool.de\/es\/?post_type=product&#038;p=546"},"modified":"2017-02-06T10:58:49","modified_gmt":"2017-02-06T09:58:49","slug":"soil-vapour-testing-unit-2","status":"publish","type":"product","link":"https:\/\/nordmeyer-dev.projekte-web.com\/fr\/shop\/mesure\/soil-vapour-testing-unit-2\/","title":{"rendered":"Syst\u00e8me de pr\u00e9l\u00e9vement de gaz de sol"},"content":{"rendered":"<p>Le syst\u00e8me de pr\u00e9l\u00e9vement de gaz de sol est un syst\u00e8me de pompage robuste et compact aux normes OFD\/BAM F\u00e9vrier 2001, VDI 3865 et DIN ISO 10381-7 (en liaison avec une sonde aspirante adapt\u00e9e).<\/p>\n","protected":false},"excerpt":{"rendered":"<p>Le syst\u00e8me de pr\u00e9l\u00e9vement de gaz de sol est un syst\u00e8me de pompage robuste et compact aux normes OFD\/BAM F\u00e9vrier 2001, VDI 3865 et DIN ISO 10381-7 (en liaison avec une sonde aspirante adapt\u00e9e).<\/p>\n","protected":false},"featured_media":547,"template":"","meta":[],"product_cat":[36],"product_tag":[],"_links":{"self":[{"href":"https:\/\/nordmeyer-dev.projekte-web.com\/fr\/wp-json\/wp\/v2\/product\/546"}],"collection":[{"href":"https:\/\/nordmeyer-dev.projekte-web.com\/fr\/wp-json\/wp\/v2\/product"}],"about":[{"href":"https:\/\/nordmeyer-dev.projekte-web.com\/fr\/wp-json\/wp\/v2\/types\/product"}],"wp:featuredmedia":[{"embeddable":true,"href":"https:\/\/nordmeyer-dev.projekte-web.com\/fr\/wp-json\/wp\/v2\/media\/547"}],"wp:attachment":[{"href":"https:\/\/nordmeyer-dev.projekte-web.com\/fr\/wp-json\/wp\/v2\/media?parent=546"}],"wp:term":[{"taxonomy":"product_cat","embeddable":true,"href":"https:\/\/nordmeyer-dev.projekte-web.com\/fr\/wp-json\/wp\/v2\/product_cat?post=546"},{"taxonomy":"product_tag","embeddable":true,"href":"https:\/\/nordmeyer-dev.projekte-web.com\/fr\/wp-json\/wp\/v2\/product_tag?post=546"}],"curies":[{"name":"wp","href":"https:\/\/api.w.org\/{rel}","templated":true}]}}