{"id":19,"date":"2016-06-22T16:00:34","date_gmt":"2016-06-22T14:00:34","guid":{"rendered":"http:\/\/www.nordmeyer-geotool.de\/es\/?post_type=product&#038;p=19"},"modified":"2021-02-18T10:33:19","modified_gmt":"2021-02-18T09:33:19","slug":"gtr-780-rhb-mf-2","status":"publish","type":"product","link":"https:\/\/nordmeyer-dev.projekte-web.com\/fr\/shop\/etude-sol\/gtr-780-rhb-mf-2\/","title":{"rendered":"GTR 1100 RHB MF"},"content":{"rendered":"<p>Cet engin multifonctionnel et compact est con\u00e7u comme une unit\u00e9 robuste de transport, qui permet gr\u00e2ce \u00e0 ses diff\u00e9rents adaptateurs frontaux de r\u00e9aliser diff\u00e9rents proc\u00e9d\u00e9s de forage et est de ce fait une machine universelle pour l&#8217;exploration des sols .\u00a0La GTR 1100 RHB MF est construite sur un train chenill\u00e9 autopropuls\u00e9 avec gabarit r\u00e9glable de mani\u00e8re m\u00e9canique ou hydraulique. La sonde est ainsi tout terrain et est capable de rouler sur des terrains en pente jusqu&#8217;\u00e0 30 degr\u00e9s. La sonde est totalement hydraulique avec extracteur int\u00e9gr\u00e9. Le m\u00e2t, d&#8217;une longueur utile de 1200 mm, est rabattable hydrauliquement pour le transport. L&#8217;engin poss\u00e8de des fixations pour l&#8217;extracteur hydraulique, les cales et tous les autres outils ainsi que d&#8217;une table avec trois \u00e9taux.<\/p>\n<p>A c\u00f4t\u00e9 des diff\u00e9rents moutons (SPT 63,5 kg \/ AFNOR A 128 kg) et marteaux hydrauliques lourds (jusqu&#8217;\u00e0 39 kg), il est aussi possible d&#8217;utiliser une puissante foreuse\u00a0 rotative (2500 Nm).<\/p>\n<p>La GTR 1100 RHB MF convient aussi au forage \u00e0 injection ainsi qu&#8217;au forage de b\u00eaton et sol en pierre gr\u00e2ce au marteau perforateur.<\/p>\n<p>En r\u00e9sum\u00e9, la GTR 1100 RHB MF est un engin universel qui vous permet d&#8217;\u00eatre pr\u00e9par\u00e9 \u00e0 toutes \u00e9ventualit\u00e9s et de pouvoir r\u00e9agir rapidement gr\u00e2ce au treuil hydraulique qui permet le changement de l&#8217;embout frontal en quelques minutes.<\/p>\n","protected":false},"excerpt":{"rendered":"<p>Cet engin multifonctionnel et compact est con\u00e7u comme une unit\u00e9 robuste de transport, qui permet gr\u00e2ce \u00e0 ses diff\u00e9rents adaptateurs frontaux de r\u00e9aliser diff\u00e9rents proc\u00e9d\u00e9s de forage et est de ce fait une machine universelle pour l&#8217;exploration des sols .\u00a0La GTR 1100 RHB MF est construite sur un train chenill\u00e9 autopropuls\u00e9 avec gabarit r\u00e9glable de [&hellip;]<\/p>\n","protected":false},"featured_media":1576,"template":"","meta":[],"product_cat":[133],"product_tag":[197,199,198,195],"_links":{"self":[{"href":"https:\/\/nordmeyer-dev.projekte-web.com\/fr\/wp-json\/wp\/v2\/product\/19"}],"collection":[{"href":"https:\/\/nordmeyer-dev.projekte-web.com\/fr\/wp-json\/wp\/v2\/product"}],"about":[{"href":"https:\/\/nordmeyer-dev.projekte-web.com\/fr\/wp-json\/wp\/v2\/types\/product"}],"wp:featuredmedia":[{"embeddable":true,"href":"https:\/\/nordmeyer-dev.projekte-web.com\/fr\/wp-json\/wp\/v2\/media\/1576"}],"wp:attachment":[{"href":"https:\/\/nordmeyer-dev.projekte-web.com\/fr\/wp-json\/wp\/v2\/media?parent=19"}],"wp:term":[{"taxonomy":"product_cat","embeddable":true,"href":"https:\/\/nordmeyer-dev.projekte-web.com\/fr\/wp-json\/wp\/v2\/product_cat?post=19"},{"taxonomy":"product_tag","embeddable":true,"href":"https:\/\/nordmeyer-dev.projekte-web.com\/fr\/wp-json\/wp\/v2\/product_tag?post=19"}],"curies":[{"name":"wp","href":"https:\/\/api.w.org\/{rel}","templated":true}]}}