{"id":1753,"date":"2021-03-27T11:16:52","date_gmt":"2021-03-27T10:16:52","guid":{"rendered":"https:\/\/www.nordmeyer-geotool.de\/fr\/?post_type=product&#038;p=1753"},"modified":"2021-06-21T18:28:47","modified_gmt":"2021-06-21T16:28:47","slug":"pr-530","status":"publish","type":"product","link":"https:\/\/nordmeyer-dev.projekte-web.com\/fr\/shop\/etude-sol\/pr-530\/","title":{"rendered":"PR 530"},"content":{"rendered":"<p>Le PR530 remplace les pr\u00e9d\u00e9cesseurs \u00e0 succ\u00e8s (PR440 et PR510). Il s&#8217;agit de la plus petite machine de sondage et de forage fabriqu\u00e9e par GD.\u00a0Le ch\u00e2ssis, \u00e9quip\u00e9 d&#8217;une fonction rapide, est facilment manipulable. La machine dispose d&#8217;une direction tr\u00e8s pr\u00e9cise et d&#8217;une stabilit\u00e9 au sol tr\u00e8s \u00e9l\u00e9v\u00e9e. Le m\u00e2t extr\u00eamement court et enti\u00e8rement hydraulique. Aucun r\u00e9glage manuel n&#8217;est n\u00e9cessaire. Le p\u00e9n\u00e9trom\u00e8tre pneumatique en configuration DPM, DPH et SPT peut \u00eatre rapidement remplacer pour une configuration en DPL. Le PR530 peut facilement r\u00e9aliser des essais de carottage avec des \u00e9chantillonneurs jusqu&#8217;\u00e0 80 mm de diam\u00e8tre avec 460 joules et 35 coups\/ min. L&#8217;unit\u00e9 d&#8217;extraction peut facilement et rapidement extraire les tiges du sols. L&#8217;\u00e9quipement est \u00e9quip\u00e9 de raccords rapides pour des outils \u00e0 air comprim\u00e9 facilitant certaines t\u00e2ches.<\/p>\n","protected":false},"excerpt":{"rendered":"<p>Le PR530 remplace les pr\u00e9d\u00e9cesseurs \u00e0 succ\u00e8s (PR440 et PR510). Il s&#8217;agit de la plus petite machine de sondage et de forage fabriqu\u00e9e par GD.\u00a0Le ch\u00e2ssis, \u00e9quip\u00e9 d&#8217;une fonction rapide, est facilment manipulable. La machine dispose d&#8217;une direction tr\u00e8s pr\u00e9cise et d&#8217;une stabilit\u00e9 au sol tr\u00e8s \u00e9l\u00e9v\u00e9e. Le m\u00e2t extr\u00eamement court et enti\u00e8rement hydraulique. Aucun [&hellip;]<\/p>\n","protected":false},"featured_media":1866,"template":"","meta":[],"product_cat":[133],"product_tag":[],"_links":{"self":[{"href":"https:\/\/nordmeyer-dev.projekte-web.com\/fr\/wp-json\/wp\/v2\/product\/1753"}],"collection":[{"href":"https:\/\/nordmeyer-dev.projekte-web.com\/fr\/wp-json\/wp\/v2\/product"}],"about":[{"href":"https:\/\/nordmeyer-dev.projekte-web.com\/fr\/wp-json\/wp\/v2\/types\/product"}],"wp:featuredmedia":[{"embeddable":true,"href":"https:\/\/nordmeyer-dev.projekte-web.com\/fr\/wp-json\/wp\/v2\/media\/1866"}],"wp:attachment":[{"href":"https:\/\/nordmeyer-dev.projekte-web.com\/fr\/wp-json\/wp\/v2\/media?parent=1753"}],"wp:term":[{"taxonomy":"product_cat","embeddable":true,"href":"https:\/\/nordmeyer-dev.projekte-web.com\/fr\/wp-json\/wp\/v2\/product_cat?post=1753"},{"taxonomy":"product_tag","embeddable":true,"href":"https:\/\/nordmeyer-dev.projekte-web.com\/fr\/wp-json\/wp\/v2\/product_tag?post=1753"}],"curies":[{"name":"wp","href":"https:\/\/api.w.org\/{rel}","templated":true}]}}