{"id":668,"date":"2016-05-25T11:29:41","date_gmt":"2016-05-25T09:29:41","guid":{"rendered":"http:\/\/www.nordmeyer-geotool.de\/es\/?page_id=668"},"modified":"2021-01-27T14:27:11","modified_gmt":"2021-01-27T13:27:11","slug":"partner","status":"publish","type":"page","link":"https:\/\/nordmeyer-dev.projekte-web.com\/fr\/partner\/","title":{"rendered":"Nos partenaires"},"content":{"rendered":"<article class=\"product sect-text\">Nordmeyer GEOTOOL travaille avec des entreprises partenaires aussi bien en Allemagne\u00a0 qu&#8217;\u00e0 l&#8217;\u00e9tranger. Du fait de ces partenariats strat\u00e9giques, nous sommes pr\u00e9sents sur les march\u00e9s internationaux avec une qualit\u00e9 \u00e9gale \u00e0 celle propos\u00e9e sur le march\u00e9 allemand. Tous les produits Nordmeyer GEOTOOL sont disponibles chez nos partenaires. Vous trouverez ici une liste de nos partenaires.<\/article>\n","protected":false},"excerpt":{"rendered":"<p>Nordmeyer GEOTOOL travaille avec des entreprises partenaires aussi bien en Allemagne\u00a0 qu&#8217;\u00e0 l&#8217;\u00e9tranger. Du fait de ces partenariats strat\u00e9giques, nous sommes pr\u00e9sents sur les march\u00e9s internationaux avec une qualit\u00e9 \u00e9gale \u00e0 celle propos\u00e9e sur le march\u00e9 allemand. Tous les produits Nordmeyer GEOTOOL sont disponibles chez nos partenaires. Vous trouverez ici une liste de nos partenaires.<\/p>\n","protected":false},"author":57,"featured_media":0,"parent":0,"menu_order":0,"comment_status":"closed","ping_status":"closed","template":"page-partner.php","meta":[],"_links":{"self":[{"href":"https:\/\/nordmeyer-dev.projekte-web.com\/fr\/wp-json\/wp\/v2\/pages\/668"}],"collection":[{"href":"https:\/\/nordmeyer-dev.projekte-web.com\/fr\/wp-json\/wp\/v2\/pages"}],"about":[{"href":"https:\/\/nordmeyer-dev.projekte-web.com\/fr\/wp-json\/wp\/v2\/types\/page"}],"author":[{"embeddable":true,"href":"https:\/\/nordmeyer-dev.projekte-web.com\/fr\/wp-json\/wp\/v2\/users\/57"}],"replies":[{"embeddable":true,"href":"https:\/\/nordmeyer-dev.projekte-web.com\/fr\/wp-json\/wp\/v2\/comments?post=668"}],"version-history":[{"count":5,"href":"https:\/\/nordmeyer-dev.projekte-web.com\/fr\/wp-json\/wp\/v2\/pages\/668\/revisions"}],"predecessor-version":[{"id":1135,"href":"https:\/\/nordmeyer-dev.projekte-web.com\/fr\/wp-json\/wp\/v2\/pages\/668\/revisions\/1135"}],"wp:attachment":[{"href":"https:\/\/nordmeyer-dev.projekte-web.com\/fr\/wp-json\/wp\/v2\/media?parent=668"}],"curies":[{"name":"wp","href":"https:\/\/api.w.org\/{rel}","templated":true}]}}