{"id":663,"date":"2016-05-25T11:24:03","date_gmt":"2016-05-25T09:24:03","guid":{"rendered":"http:\/\/www.nordmeyer-geotool.de\/es\/?page_id=663"},"modified":"2021-03-04T16:31:18","modified_gmt":"2021-03-04T15:31:18","slug":"data-protection","status":"publish","type":"page","link":"https:\/\/nordmeyer-dev.projekte-web.com\/fr\/data-protection\/","title":{"rendered":"Protection des donn\u00e9es"},"content":{"rendered":"<p><strong>Informations sur la protection des donn\u00e9es<\/strong><\/p>\n<p>L\u2019utilisation de ce site Web peut \u00eatre associ\u00e9e au traitement de donn\u00e9es \u00e0 caract\u00e8re personnel. Pour vous faire comprendre les traitements, nous souhaitons vous en donner un aper\u00e7u \u00e0 l\u2019aide des informations suivantes. Afin de garantir un traitement loyal, nous voulons en outre vous informer de vos droits conform\u00e9ment au r\u00e8glement g\u00e9n\u00e9ral sur la protection des donn\u00e9es (RGPD) de l\u2019Union europ\u00e9enne et \u00e0 la loi f\u00e9d\u00e9rale allemande sur la protection des donn\u00e9es (BDSG).<br \/>\nLe responsable du traitement des donn\u00e9es est la soci\u00e9t\u00e9 Nordmeyer GEOTOOL GmbH, sise Weststra\u00dfe 6, 16356 Werneuchen (ci-apr\u00e8s d\u00e9sign\u00e9e par \u00ab\u00a0nous\u00a0\u00bb).<\/p>\n<p><strong>Sommaire<\/strong><\/p>\n<ol>\n<li style=\"list-style-type: none;\">\n<ol>\n<li>Informations g\u00e9n\u00e9rales<br \/>\na. Contact<br \/>\nb. Informations g\u00e9n\u00e9rales sur le traitement des donn\u00e9es<br \/>\nc. Dur\u00e9e de la sauvegarde<br \/>\nd. Prestataire de services techniques<br \/>\ne. Cryptage SSL<br \/>\n2. Traitement des fichiers journaux du serveur<br \/>\n3. Formulaire de contact<br \/>\n4. Inscription<br \/>\n5. Cookies<br \/>\n6. Google Analytics<br \/>\n7. Services int\u00e9gr\u00e9s et contenus tiers<br \/>\n8. Candidatures<br \/>\n9. Vos droits<br \/>\n10. Responsable de la protection des donn\u00e9es<br \/>\n11. R\u00e9clamation aupr\u00e8s d\u2019une autorit\u00e9 de surveillance<\/li>\n<\/ol>\n<\/li>\n<\/ol>\n<p><strong>1. Informations g\u00e9n\u00e9rales<\/strong><br \/>\n<strong>a Contact<\/strong><\/p>\n<p>Si vous avez des questions ou des pr\u00e9occupations au sujet de ces informations ou si vous souhaitez nous contacter pour faire valoir vos droits, veuillez adresser votre demande de renseignements \u00e0 :<br \/>\nNordmeyer GEOTOOL GmbH<br \/>\nWeststra\u00dfe 6<br \/>\n16356 Werneuchen<br \/>\nE-mail : info@nordmeyer-geotool.de<\/p>\n<p><strong>b. Informations g\u00e9n\u00e9rales sur le traitement des donn\u00e9es<\/strong><\/p>\n<p>L\u2019utilisation de ce site Web peut faire l\u2019objet d\u2019un traitement de donn\u00e9es \u00e0 caract\u00e8re personnel. La notion de \u00ab\u00a0donn\u00e9es \u00e0 caract\u00e8re personnel\u00a0\u00bb du point de la l\u00e9gislation sur la protection des donn\u00e9es d\u00e9signe en l\u2019occurrence toutes les informations relatives \u00e0 une personne identifi\u00e9e ou identifiable. L\u2019adresse IP peut \u00e9galement constituer une donn\u00e9e \u00e0 caract\u00e8re personnel. Le fournisseur Internet attribue \u00e0 chacun une adresse IP qui est associ\u00e9e \u00e0 l\u2019appareil connect\u00e9 \u00e0 Internet afin qu\u2019il puisse envoyer et recevoir des donn\u00e9es.<\/p>\n<p>Nous traitons des donn\u00e9es \u00e0 caract\u00e8re personnel en respectant les prescriptions applicables en mati\u00e8re de protection des donn\u00e9es, notamment du RGPD et de la BDSG. Tout traitement de donn\u00e9es que nous effectuons se base imp\u00e9rativement sur une autorisation l\u00e9gale. Nous traitons les donn\u00e9es \u00e0 caract\u00e8re personnel uniquement avec votre consentement (art. 6, al. 1, lettre a) du RGPD), \u00e0 des fins d\u2019ex\u00e9cution d\u2019un contrat auquel vous avez qualit\u00e9 de partie ou \u00e0 votre demande pour prendre des mesures pr\u00e9contractuelles (art. 6, al. 1, lettre b) du RGPD), \u00e0 des fins d\u2019ex\u00e9cution d\u2019une obligation l\u00e9gale (art. 6, al. 1, lettre c) du RGPD) ou lorsque le traitement est n\u00e9cessaire pour pr\u00e9server nos int\u00e9r\u00eats l\u00e9gitimes ou l\u2019int\u00e9r\u00eat l\u00e9gitime d\u2019un tiers, dans la mesure o\u00f9 vos int\u00e9r\u00eats ou droits fondamentaux et libert\u00e9s fondamentales qui n\u00e9cessitent la protection de donn\u00e9es \u00e0 caract\u00e8re personnel ne pr\u00e9valent pas (art. 6, al. 1, lettre f) du RGPD). Si vous postulez chez nous, nous traitons en outre vos donn\u00e9es \u00e0 caract\u00e8re personnel pour d\u00e9cider de la conclusion d\u2019un contrat de travail (art. 26, al. 1 BDSG).<\/p>\n<p><strong>c. Dur\u00e9e de la sauvegarde<\/strong><\/p>\n<p>Sauf stipulation contraire des informations ci-apr\u00e8s, nous sauvegardons les donn\u00e9es aussi longtemps que cela est n\u00e9cessaire pour atteindre l\u2019objectif du traitement ou pour honorer nos obligations contractuelles ou l\u00e9gales. Lesdites obligations l\u00e9gales de conservation peuvent notamment r\u00e9sulter de prescriptions commerciales ou fiscales.<\/p>\n<p><strong>d. Prestataire de services techniques<\/strong><\/p>\n<p>Sauf stipulation contraire des informations ci-apr\u00e8s, le traitement des donn\u00e9es est effectu\u00e9 sur les serveurs de prestataires de services techniques bas\u00e9s dans l\u2019Union europ\u00e9enne ou dans des \u00c9tats membres de l\u2019Espace \u00e9conomique europ\u00e9en que nous avons mandat\u00e9s \u00e0 cette fin. Ces prestataires de services traitent les donn\u00e9es uniquement sur instruction explicite et sont tenus par contrat de garantir des mesures techniques et organisationnelles suffisantes en mati\u00e8re de protection des donn\u00e9es.<\/p>\n<p><strong>e. Cryptage SSL<\/strong><\/p>\n<p>Notre site Web utilise un cryptage SSL pour des raisons de s\u00e9curit\u00e9 et pour prot\u00e9ger la transmission de contenus confidentiels, comme par exemple les demandes de renseignements que vous nous adressez. Vous reconnaissez une connexion crypt\u00e9e au fait que la ligne d\u2019adresse du navigateur passe de \u00ab\u00a0http:\/\/\u00bb\u00a0 \u00e0 \u00ab\u00a0https:\/\/\u00bb\u00a0 et au symbole du cadenas sur votre navigateur. Lorsque le cryptage SSL est activ\u00e9, les donn\u00e9es que vous nous transmettez ne peuvent \u00eatre lues par des tiers.<\/p>\n<p><strong>2. Traitement des fichiers journaux du serveur<\/strong><\/p>\n<p>Lors de l\u2019utilisation de notre site Web \u00e0 titre purement informatif, des informations g\u00e9n\u00e9rales sont dans un\u00a0 premier temps sauvegard\u00e9es automatiquement (pas via une inscription) que votre navigateur transmet \u00e0 notre serveur. Cela comprend habituellement : type\/version du navigateur, syst\u00e8me d\u2019exploitation utilis\u00e9, page consult\u00e9e, page visit\u00e9e pr\u00e9c\u00e9demment (URL de r\u00e9f\u00e9rence), adresse IP, date et heure de la requ\u00eate du serveur et code d\u2019\u00e9tat HTTP. Le traitement est effectu\u00e9 pour garantir nos int\u00e9r\u00eats l\u00e9gitimes et se fonde sur la base juridique de l\u2019art. 6, al. 1, lettre f) du RGPD. Ce traitement est utile pour l\u2019administration technique et la s\u00e9curit\u00e9 du site Web. Les donn\u00e9es sauvegard\u00e9es sont supprim\u00e9es s\u2019il n\u2019existe aucun soup\u00e7on l\u00e9gitime d\u2019une utilisation illicite en raison d\u2019indices concrets et qu\u2019une v\u00e9rification et un traitement par la suite des informations est n\u00e9cessaire pour cette raison.<\/p>\n<p><strong>3. Formulaire de contact<\/strong><\/p>\n<p>Notre site Web contient un formulaire de contact par le biais duquel vous pouvez nous envoyer un message. Les champs de saisie des donn\u00e9es sont n\u00e9cessaires pour traiter votre demande. Un refus de mise \u00e0 disposition aura pour effet la non possibilit\u00e9 de traiter votre demande. Autrement, vous pouvez \u00e9galement nous envoyer un message via l\u2019adresse e-mail de contact. La base juridique du traitement des donn\u00e9es est l\u2019art. 6, al. 1, lettre b) du RGPD.<\/p>\n<p><strong>4. Inscription<\/strong><\/p>\n<p>Afin d\u2019utiliser certaines fonctions du site Web, il est n\u00e9cessaire de s\u2019inscrire via le site Web. Les informations n\u00e9cessaires sont visibles \u00e0 partir du masque de saisie pour l\u2019inscription. La mise \u00e0 disposition des informations marqu\u00e9es comme \u00e9tant obligatoires est absolument n\u00e9cessaire afin de pouvoir effectuer l\u2019inscription. La mise \u00e0 disposition d\u2019autres donn\u00e9es est facultative. Les donn\u00e9es mises \u00e0 disposition sont trait\u00e9es pour les besoins de la fourniture des prestations. Le traitement se fonde sur la base juridique de l\u2019art. 6, al. 1, lettre b) du RGPD.<\/p>\n<p><strong>5. Cookies<\/strong><\/p>\n<p>Nous utilisons des cookies sur notre site Web. Les cookies sont des petits fichiers textes qui sont stock\u00e9s par votre navigateur lorsque vous visitez une page Web. Le navigateur utilis\u00e9 est ainsi identifi\u00e9 et peut \u00eatre reconnu par notre serveur Web. Dans la mesure o\u00f9 un traitement de donn\u00e9es \u00e0 caract\u00e8re personnel intervient du fait de l\u2019utilisation de cookies, cela se fonde sur la base juridique de l\u2019art. 6, al. 1, lettre f) du RGPD. Ces traitements servent notre int\u00e9r\u00eat l\u00e9gitime afin d\u2019accro\u00eetre la convivialit\u00e9, l\u2019efficacit\u00e9 et la s\u00e9curit\u00e9 de notre page Web. Les \u00ab\u00a0cookies de session\u00a0\u00bb sont automatiquement supprim\u00e9s \u00e0 la fin de votre visite. Les autres cookies (\u00ab\u00a0Cookies permanents\u00a0\u00bb) sont automatiquement supprim\u00e9s apr\u00e8s une dur\u00e9e pr\u00e9d\u00e9termin\u00e9e qui peut varier en fonction du cookie. Vous pouvez \u00e0 tout moment supprimer les cookies dans les param\u00e9trages de s\u00e9curit\u00e9 de votre navigateur. Vous pouvez en principe refuser l\u2019utilisation de cookies \u00e0 l\u2019aide des param\u00e9trages de votre navigateur ou dans certains cas. Vous trouverez de plus amples informations \u00e0 ce sujet sur Internet, par ex. \u00e0 l\u2019adresse <a href=\"https:\/\/www.bsi-fuer-buerger.de\/BSIFB\/DE\/Empfehlungen\/EinrichtungSoftware\/EinrichtungBrowser\/Sicherheitsmassnahmen\/Cookies\/cookies_node.html\">https:\/\/www.bsi-fuer-buerger.de\/BSIFB\/DE\/Empfehlungen\/EinrichtungSoftware\/EinrichtungBrowser\/Sicherheitsmassnahmen\/Cookies\/cookies_node.html<\/a>.<\/p>\n<p><strong>6. Google Analytics<\/strong><\/p>\n<p>Pour \u00e9valuer les visites de notre site Web, nous utilisons le service Google Analytics de la soci\u00e9t\u00e9 Google LLC (1600 Amphitheatre Parkway, Mountain View, CA 94043, \u00c9tats-Unis ; \u00ab\u00a0Google\u00a0\u00bb). Google utilise des cookies qui permettent d\u2019analyser votre utilisation de notre site Web. Les informations g\u00e9n\u00e9r\u00e9es par le cookie sur l\u2019utilisation de notre site Web par les utilisateurs sont en g\u00e9n\u00e9ral transmises \u00e0 un serveur de Google aux \u00c9tats-Unis et y sont sauvegard\u00e9es. Google utilisera ces informations \u00e0 notre demande afin d\u2019\u00e9valuer l\u2019utilisation de notre offre en ligne par les utilisateurs, d\u2019\u00e9tablir des rapports sur les activit\u00e9s sur notre site Web et de nous fournir d\u2019autres prestations de services li\u00e9es \u00e0 l\u2019utilisation de notre site Web et \u00e0 l\u2019utilisation d\u2019Internet. Des profils d\u2019utilisation anonymes des utilisateurs peuvent ainsi \u00eatre \u00e9tablis \u00e0 partir des donn\u00e9es trait\u00e9es. Nous utilisons Google Analytics uniquement en activant l\u2019anonymisation de l\u2019IP. Ce qui signifie que l\u2019adresse IP des utilisateurs est tronqu\u00e9e par Google au sein des \u00c9tats membres de l\u2019Union europ\u00e9enne ou dans d\u2019autres \u00c9tats signataires de l\u2019Accord sur l\u2019Espace \u00e9conomique europ\u00e9en. L\u2019adresse IP compl\u00e8te est transmise \u00e0 un serveur de Google aux \u00c9tats-Unis uniquement dans des cas exceptionnels. L\u2019adresse IP transmise par le navigateur de l\u2019utilisateur n\u2019est pas combin\u00e9e avec d\u2019autres donn\u00e9es de Google. Les utilisateurs peuvent emp\u00eacher le stockage de cookies \u00e0 l\u2019aide d\u2019un param\u00e9trage correspondant de leur logiciel de navigation. La base juridique des traitements de donn\u00e9es en rapport avec le service Google Analytics est l\u2019art. 6, al. 1, lettre f) du RGPD et les traitements servent l\u2019int\u00e9r\u00eat l\u00e9gitime de l\u2019analyse du comportement de l\u2019utilisateur sur notre site Web et de l\u2019\u00e9ventuelle pr\u00e9sentation adapt\u00e9e aux besoins. Vous pouvez emp\u00eacher le stockage de cookies \u00e0 l\u2019aide d\u2019un param\u00e9trage correspondant de votre logiciel de navigation. Vous pouvez en outre emp\u00eacher la saisie des informations g\u00e9n\u00e9r\u00e9es par le cookie en t\u00e9l\u00e9chargeant et en installant le plug-in de navigateur disponible via le lien suivant :<\/p>\n<p><a href=\"http:\/\/tools.google.com\/dlpage\/gaoptout?hl=fr\">http:\/\/tools.google.com\/dlpage\/gaoptout?hl=fr<\/a>. Si vous visitez notre site Web \u00e0 partir d\u2019un terminal mobile, vous pouvez d\u00e9sactiver Google Analytics en cliquant sur ce lien.<br \/>\nGoogle est certifi\u00e9 aux termes de l\u2019accord sur le bouclier de protection de donn\u00e9es <em>(Privacy Shield)<\/em> et offre ainsi une garantie du respect de la l\u00e9gislation europ\u00e9enne sur la protection des donn\u00e9es (<a href=\"https:\/\/www.privacyshield.gov\/participant?id=a2zt000000001L5AAI&amp;status=Active\">https:\/\/www.privacyshield.gov\/participant?id=a2zt000000001L5AAI&amp;status=Active<\/a>).<\/p>\n<p><strong>7. Services int\u00e9gr\u00e9s et contenus tiers<\/strong><\/p>\n<p>Nous utilisons sur notre site Web des services et contenus mis \u00e0 disposition par des prestataires tiers. Un traitement de votre adresse IP est techniquement n\u00e9cessaire en vue d\u2019une telle int\u00e9gration afin que les contenus puissent \u00eatre envoy\u00e9s \u00e0 votre navigateur. Votre adresse IP est par ailleurs transmise aux prestataires tiers concern\u00e9s. Ces traitements de donn\u00e9es sont respectivement effectu\u00e9s pour garantir nos int\u00e9r\u00eats l\u00e9gitimes concernant l\u2019optimisation et l\u2019exploitation commerciale de notre site Web et se fondent sur la base juridique de l\u2019art. 6, al. 1, lettre f) du RGPD. JavaScript est r\u00e9guli\u00e8rement utilis\u00e9 pour l\u2019int\u00e9gration des contenus. Vous pouvez par ailleurs refuser le traitement des donn\u00e9es en d\u00e9sactivant l\u2019ex\u00e9cution de JavaScript dans votre navigateur ou en installant un bloqueur de JavaScript. Veuillez noter que cela peut limiter les fonctions sur le site Web.<\/p>\n<p>Nous avons int\u00e9gr\u00e9 \u00ab\u00a0Google Maps\u00a0\u00bb sur notre site Web pour pr\u00e9senter les cartes. Le service est mis \u00e0 disposition par la soci\u00e9t\u00e9 Google LLC, 1600 Amphitheatre Parkway, Mountain View, CA 94043, \u00c9tats-Unis (\u00ab\u00a0Google\u00a0\u00bb). Google est certifi\u00e9 aux termes de l\u2019accord sur le bouclier de protection des donn\u00e9es <em>(Privacy Shield)<\/em> et offre ainsi une garantie du respect de la l\u00e9gislation europ\u00e9enne sur la protection des donn\u00e9es<\/p>\n<p>(<a href=\"https:\/\/www.privacyshield.gov\/participant?id=a2zt000000001L5AAI&amp;status=Active\">https:\/\/www.privacyshield.gov\/participant?id=a2zt000000001L5AAI&amp;status=Active<\/a>).<\/p>\n<p><strong>8. Candidatures<\/strong><\/p>\n<p>Vous pouvez postuler \u00e0 des postes vacants sur notre site Web. Lorsque vous nous soumettez votre candidature, nous traitons vos donn\u00e9es de candidature \u00e0 des fins li\u00e9es \u00e0 votre int\u00e9r\u00eat \u00e0 un emploi actuel ou futur chez nous et au traitement de votre candidature. Votre candidature est trait\u00e9e et port\u00e9e \u00e0 la connaissance uniquement de nos interlocuteurs concern\u00e9s. Tous les collaborateurs charg\u00e9s du traitement des donn\u00e9es s\u2019engagent \u00e0 respecter la confidentialit\u00e9 de vos donn\u00e9es. La base juridique du traitement des donn\u00e9es est l\u2019art. 26, al. 1 BDSG. Si nous ne pouvons pas vous proposer un poste, nous conserverons vos donn\u00e9es de candidature au plus tard six mois suivant un \u00e9ventuel refus afin de r\u00e9pondre \u00e0 des questions li\u00e9es \u00e0 votre candidature et au refus. Une conservation plus longue est possible si des dispositions l\u00e9gales s\u2019opposent \u00e0 une suppression, si la sauvegarde ult\u00e9rieure est n\u00e9cessaire \u00e0 des fins d\u2019administration de la preuve ou si vous avez express\u00e9ment consenti \u00e0 une sauvegarde plus longue.<\/p>\n<p><strong>9. Vos droits<\/strong><\/p>\n<p>En tant que personne concern\u00e9e, vous avez le droit de faire valoir vos droits \u00e0 notre encontre \u00e0 ce titre. Les droits ci-dessous vous sont conf\u00e9r\u00e9s en l\u2019occurrence :<\/p>\n<p>\u2022 Conform\u00e9ment \u00e0 l\u2019art. 15 du RGPD et \u00e0 l\u2019art. 34 BDSG, vous avez le droit de demander des renseignements si, et le cas \u00e9ch\u00e9ant, dans quelle mesure nous traitons des donn\u00e9es \u00e0 caract\u00e8re personnel vous concernant ou pas.<br \/>\n\u2022 Conform\u00e9ment \u00e0 l\u2019art. 16 du RGPD, vous avez le droit de nous demander la rectification de vos donn\u00e9es.<br \/>\n\u2022 Conform\u00e9ment \u00e0 l\u2019art. 17 du RGPD et \u00e0 l\u2019art. 35 BDSG, vous avez le droit de nous demander la suppression de vos donn\u00e9es \u00e0 caract\u00e8re personnel.<br \/>\n\u2022 Conform\u00e9ment \u00e0 l\u2019art. 18 du RGPD, vous avez le droit de limiter le traitement de vos donn\u00e9es \u00e0 caract\u00e8re personnel.<br \/>\n\u2022 Conform\u00e9ment \u00e0 l\u2019art. 20 du RGPD, vous avez le droit d\u2019obtenir les donn\u00e9es \u00e0 caract\u00e8re personnel vous concernant que vous avez mises \u00e0 notre disposition sous un format structur\u00e9, habituel et lisible par une machine, et de transmettre ces donn\u00e9es \u00e0 un autre responsable.<br \/>\n\u2022 Conform\u00e9ment \u00e0 l\u2019art. 21, al. 1 du RGPD, vous avez le droit de refuser tout traitement fond\u00e9 sur la base juridique de l\u2019art. 6, al. 1, lettre e) ou f) du RGPD. Dans la mesure o\u00f9 des donn\u00e9es \u00e0 caract\u00e8re personnel vous concernant sont trait\u00e9es \u00e0 des fins de publicit\u00e9 directe, vous pouvez refuser ce traitement conform\u00e9ment \u00e0 l\u2019art. 21, al. 2 et 3 du RGPD.<br \/>\n\u2022 Conform\u00e9ment \u00e0 l\u2019art. 7, al. 3 du RGPD, vous pouvez r\u00e9voquer un consentement que vous avez donn\u00e9. Cette r\u00e9vocation n\u2019affecte pas la l\u00e9galit\u00e9 du traitement effectu\u00e9 sur la base du consentement jusqu\u2019\u00e0 la r\u00e9vocation de celui-ci.<\/p>\n<p><strong>10. Responsable de la protection des donn\u00e9es<\/strong><\/p>\n<p>Conform\u00e9ment \u00e0 l\u2019art. 37 du RGPD et \u00e0 l\u2019art. 38 BDSG, nous ne sommes pas tenus de d\u00e9signer un responsable de la protection des donn\u00e9es. Pour toute question sur le traitement de vos donn\u00e9es \u00e0 caract\u00e8re personnel, veuillez utiliser les coordonn\u00e9es ci-dessus.<\/p>\n<p><strong>11. R\u00e9clamation aupr\u00e8s d\u2019une autorit\u00e9 de surveillance<\/strong><\/p>\n<p>Si vous estimez qu\u2019un traitement de donn\u00e9es \u00e0 caract\u00e8re personnel vous concernant viole les dispositions du RGPD, vous avez conform\u00e9ment \u00e0 l\u2019art. 77 du RGPD le droit de formuler une r\u00e9clamation aupr\u00e8s d\u2019une autorit\u00e9 de surveillance.<\/p>\n","protected":false},"excerpt":{"rendered":"<p>Informations sur la protection des donn\u00e9es L\u2019utilisation de ce site Web peut \u00eatre associ\u00e9e au traitement de donn\u00e9es \u00e0 caract\u00e8re personnel. Pour vous faire comprendre les traitements, nous souhaitons vous en donner un aper\u00e7u \u00e0 l\u2019aide des informations suivantes. Afin de garantir un traitement loyal, nous voulons en outre vous informer de vos droits conform\u00e9ment [&hellip;]<\/p>\n","protected":false},"author":13,"featured_media":0,"parent":0,"menu_order":0,"comment_status":"closed","ping_status":"closed","template":"page-wc.php","meta":[],"_links":{"self":[{"href":"https:\/\/nordmeyer-dev.projekte-web.com\/fr\/wp-json\/wp\/v2\/pages\/663"}],"collection":[{"href":"https:\/\/nordmeyer-dev.projekte-web.com\/fr\/wp-json\/wp\/v2\/pages"}],"about":[{"href":"https:\/\/nordmeyer-dev.projekte-web.com\/fr\/wp-json\/wp\/v2\/types\/page"}],"author":[{"embeddable":true,"href":"https:\/\/nordmeyer-dev.projekte-web.com\/fr\/wp-json\/wp\/v2\/users\/13"}],"replies":[{"embeddable":true,"href":"https:\/\/nordmeyer-dev.projekte-web.com\/fr\/wp-json\/wp\/v2\/comments?post=663"}],"version-history":[{"count":16,"href":"https:\/\/nordmeyer-dev.projekte-web.com\/fr\/wp-json\/wp\/v2\/pages\/663\/revisions"}],"predecessor-version":[{"id":1682,"href":"https:\/\/nordmeyer-dev.projekte-web.com\/fr\/wp-json\/wp\/v2\/pages\/663\/revisions\/1682"}],"wp:attachment":[{"href":"https:\/\/nordmeyer-dev.projekte-web.com\/fr\/wp-json\/wp\/v2\/media?parent=663"}],"curies":[{"name":"wp","href":"https:\/\/api.w.org\/{rel}","templated":true}]}}