{"id":658,"date":"2016-05-25T11:15:55","date_gmt":"2016-05-25T09:15:55","guid":{"rendered":"http:\/\/www.nordmeyer-geotool.de\/es\/?page_id=658"},"modified":"2021-03-08T14:05:57","modified_gmt":"2021-03-08T13:05:57","slug":"about-us","status":"publish","type":"page","link":"https:\/\/nordmeyer-dev.projekte-web.com\/fr\/about-us\/","title":{"rendered":"Qui sommes-nous"},"content":{"rendered":"<div>Les machines Nordmeyer GEOTOOL sont pr\u00e9sentes\u00a0sur le march\u00e9 national et international depuis plus de 20 ans. Nous sommes votre fournisseur de confiance d&#8217;engins g\u00e9otechniques ainsi que de nombreux outils et accessoires de forage connexes. Nos produits ont toujours d\u00e9montr\u00e9 leur tr\u00e8s haut niveau de qualit\u00e9, leur longue dur\u00e9e de vie et leur efficacit\u00e9. Nordmeyer GEOTOOL est pour ces raisons un fournisseur de pointe pour les chenilles de sondages ainsi que pour les appareils de forages sur chenilles hydrauliques. Nous proposons de plus des appareils de forage l\u00e9gers et moyennement lourd pour forage classique ainsi que forage horizontal dirig\u00e9. Vous trouverez bien s\u00fbr chez nous tous les accessoires et les outils dont vous avez besoin pour votre \u00e9tude g\u00e9otechnique.<\/div>\n<div><\/div>\n<div><\/div>\n<div><\/div>\n<article class=\"sect-text\"><strong>\u00a0<\/strong><\/article>\n","protected":false},"excerpt":{"rendered":"<p>Les machines Nordmeyer GEOTOOL sont pr\u00e9sentes\u00a0sur le march\u00e9 national et international depuis plus de 20 ans. Nous sommes votre fournisseur de confiance d&#8217;engins g\u00e9otechniques ainsi que de nombreux outils et accessoires de forage connexes. Nos produits ont toujours d\u00e9montr\u00e9 leur tr\u00e8s haut niveau de qualit\u00e9, leur longue dur\u00e9e de vie et leur efficacit\u00e9. Nordmeyer GEOTOOL [&hellip;]<\/p>\n","protected":false},"author":57,"featured_media":0,"parent":0,"menu_order":0,"comment_status":"closed","ping_status":"closed","template":"page-company.php","meta":[],"_links":{"self":[{"href":"https:\/\/nordmeyer-dev.projekte-web.com\/fr\/wp-json\/wp\/v2\/pages\/658"}],"collection":[{"href":"https:\/\/nordmeyer-dev.projekte-web.com\/fr\/wp-json\/wp\/v2\/pages"}],"about":[{"href":"https:\/\/nordmeyer-dev.projekte-web.com\/fr\/wp-json\/wp\/v2\/types\/page"}],"author":[{"embeddable":true,"href":"https:\/\/nordmeyer-dev.projekte-web.com\/fr\/wp-json\/wp\/v2\/users\/57"}],"replies":[{"embeddable":true,"href":"https:\/\/nordmeyer-dev.projekte-web.com\/fr\/wp-json\/wp\/v2\/comments?post=658"}],"version-history":[{"count":9,"href":"https:\/\/nordmeyer-dev.projekte-web.com\/fr\/wp-json\/wp\/v2\/pages\/658\/revisions"}],"predecessor-version":[{"id":1670,"href":"https:\/\/nordmeyer-dev.projekte-web.com\/fr\/wp-json\/wp\/v2\/pages\/658\/revisions\/1670"}],"wp:attachment":[{"href":"https:\/\/nordmeyer-dev.projekte-web.com\/fr\/wp-json\/wp\/v2\/media?parent=658"}],"curies":[{"name":"wp","href":"https:\/\/api.w.org\/{rel}","templated":true}]}}