{"id":4,"date":"2016-04-15T14:27:57","date_gmt":"2016-04-15T12:27:57","guid":{"rendered":"http:\/\/www.nordmeyer-geotool.de\/es\/home\/"},"modified":"2021-03-12T12:47:31","modified_gmt":"2021-03-12T11:47:31","slug":"home","status":"publish","type":"page","link":"https:\/\/nordmeyer-dev.projekte-web.com\/fr\/","title":{"rendered":"Accueil"},"content":{"rendered":"<p>Nordmeyer GEOTOOL est le sp\u00e9cialiste du mat\u00e9riel d&#8217;exploration g\u00e9otechnique de haute qualit\u00e9. Nous produisons des engins sp\u00e9ciaux de forage et de sondage, des foreuses et foreuses horizontales dirig\u00e9es ainsi que de nombreux outils et accessoires connexes. Nos machines sont produites en Allemagne pour les march\u00e9s locaux et internationaux. La vaste gamme de produits Nordmeyer GEOTOOL vous permet de r\u00e9aliser vos explorations g\u00e9otechniques efficacement, rapidement et de mani\u00e8re confortable.<\/p>\n<p>&nbsp;<\/p>\n<p>&nbsp;<\/p>\n<p>&nbsp;<\/p>\n<p>&nbsp;<\/p>\n","protected":false},"excerpt":{"rendered":"<p>Nordmeyer GEOTOOL est le sp\u00e9cialiste du mat\u00e9riel d&#8217;exploration g\u00e9otechnique de haute qualit\u00e9. Nous produisons des engins sp\u00e9ciaux de forage et de sondage, des foreuses et foreuses horizontales dirig\u00e9es ainsi que de nombreux outils et accessoires connexes. Nos machines sont produites en Allemagne pour les march\u00e9s locaux et internationaux. La vaste gamme de produits Nordmeyer GEOTOOL [&hellip;]<\/p>\n","protected":false},"author":13,"featured_media":1233,"parent":0,"menu_order":0,"comment_status":"closed","ping_status":"closed","template":"page-home.php","meta":[],"_links":{"self":[{"href":"https:\/\/nordmeyer-dev.projekte-web.com\/fr\/wp-json\/wp\/v2\/pages\/4"}],"collection":[{"href":"https:\/\/nordmeyer-dev.projekte-web.com\/fr\/wp-json\/wp\/v2\/pages"}],"about":[{"href":"https:\/\/nordmeyer-dev.projekte-web.com\/fr\/wp-json\/wp\/v2\/types\/page"}],"author":[{"embeddable":true,"href":"https:\/\/nordmeyer-dev.projekte-web.com\/fr\/wp-json\/wp\/v2\/users\/13"}],"replies":[{"embeddable":true,"href":"https:\/\/nordmeyer-dev.projekte-web.com\/fr\/wp-json\/wp\/v2\/comments?post=4"}],"version-history":[{"count":3,"href":"https:\/\/nordmeyer-dev.projekte-web.com\/fr\/wp-json\/wp\/v2\/pages\/4\/revisions"}],"predecessor-version":[{"id":913,"href":"https:\/\/nordmeyer-dev.projekte-web.com\/fr\/wp-json\/wp\/v2\/pages\/4\/revisions\/913"}],"wp:featuredmedia":[{"embeddable":true,"href":"https:\/\/nordmeyer-dev.projekte-web.com\/fr\/wp-json\/wp\/v2\/media\/1233"}],"wp:attachment":[{"href":"https:\/\/nordmeyer-dev.projekte-web.com\/fr\/wp-json\/wp\/v2\/media?parent=4"}],"curies":[{"name":"wp","href":"https:\/\/api.w.org\/{rel}","templated":true}]}}