{"id":658,"date":"2016-05-09T22:00:41","date_gmt":"2016-05-09T20:00:41","guid":{"rendered":"http:\/\/www.nordmeyer-geotool.de\/pl\/?post_type=product&#038;p=658"},"modified":"2021-03-15T18:42:07","modified_gmt":"2021-03-15T17:42:07","slug":"lmsr-v-with-honda-petrol-engine","status":"publish","type":"product","link":"https:\/\/nordmeyer-dev.projekte-web.com\/es\/shop\/dynamic-probing\/lmsr-v-with-honda-petrol-engine\/","title":{"rendered":"LMSR-Vk"},"content":{"rendered":"<p>El equipo LMSR-Vk es un equipo de investigaci\u00f3n de suelos y sondeos geot\u00e9cnicos altamente funcional y muy f\u00e1cil de transportar debido a su m\u00e1stil de tipo plegable. Es un equipo sumamente vers\u00e1til e ideal para trabajar en espacios reducidos, transportable manualmente a terrenos y ambientes al aire libre. A trav\u00e9s de dos husillos, se coloca el m\u00e1stil en posici\u00f3n vertical en el lugar de ubicaci\u00f3n del pozo. De modo de asegurar una posici\u00f3n estable para la realizaci\u00f3n de los trabajos, se coloca una peque\u00f1a tabla de madera cuadrada en la boca del pozo que rodea a la barra\/tubo perforador y otras dos tablas (m\u00e1s grandes) de forma rectangular por debajo de las ruedas. El equipo LMSR-Vk puede ser usado para medir la resistencia y compactaci\u00f3n de los suelos, as\u00ed como tambi\u00e9n para extraer muestras de los mismos para su posterior an\u00e1lisis. Esta m\u00e1quina es aplicable para sondeos geot\u00e9cnicos de tipo DPL, DPM y DPH. El peso de la maza se puede adaptar seg\u00fan el tipo de estudio que se persiga realizar, ya sea agregando o removiendo uno o dos bloques de 20kg. Se puede adem\u00e1s requerir opcionalmente un tr\u00edpode que sirve como base para realizar m\u00e1s f\u00e1cilmente la extracci\u00f3n de muestras del suelo. El equipo LMSR-Vk funciona con un motor a combusti\u00f3n de 4 tiempos, por lo que no precisa otras fuentes de alimentaci\u00f3n. La maza de impacto se desplaza hacia arriba y hacia abajo sobre el m\u00e1stil gracias a un cable de torno o cabrestante integrado.<\/p>\n","protected":false},"excerpt":{"rendered":"<p>El equipo LMSR-Vk es un equipo de investigaci\u00f3n de suelos y sondeos geot\u00e9cnicos altamente funcional y muy f\u00e1cil de transportar debido a su m\u00e1stil de tipo plegable. Es un equipo sumamente vers\u00e1til e ideal para trabajar en espacios reducidos, transportable manualmente a terrenos y ambientes al aire libre. A trav\u00e9s de dos husillos, se coloca [&hellip;]<\/p>\n","protected":false},"featured_media":1843,"template":"","meta":[],"product_cat":[9],"product_tag":[335],"_links":{"self":[{"href":"https:\/\/nordmeyer-dev.projekte-web.com\/es\/wp-json\/wp\/v2\/product\/658"}],"collection":[{"href":"https:\/\/nordmeyer-dev.projekte-web.com\/es\/wp-json\/wp\/v2\/product"}],"about":[{"href":"https:\/\/nordmeyer-dev.projekte-web.com\/es\/wp-json\/wp\/v2\/types\/product"}],"wp:featuredmedia":[{"embeddable":true,"href":"https:\/\/nordmeyer-dev.projekte-web.com\/es\/wp-json\/wp\/v2\/media\/1843"}],"wp:attachment":[{"href":"https:\/\/nordmeyer-dev.projekte-web.com\/es\/wp-json\/wp\/v2\/media?parent=658"}],"wp:term":[{"taxonomy":"product_cat","embeddable":true,"href":"https:\/\/nordmeyer-dev.projekte-web.com\/es\/wp-json\/wp\/v2\/product_cat?post=658"},{"taxonomy":"product_tag","embeddable":true,"href":"https:\/\/nordmeyer-dev.projekte-web.com\/es\/wp-json\/wp\/v2\/product_tag?post=658"}],"curies":[{"name":"wp","href":"https:\/\/api.w.org\/{rel}","templated":true}]}}