{"id":656,"date":"2016-05-09T21:57:09","date_gmt":"2016-05-09T19:57:09","guid":{"rendered":"http:\/\/www.nordmeyer-geotool.de\/pl\/?post_type=product&#038;p=656"},"modified":"2021-05-12T17:32:59","modified_gmt":"2021-05-12T15:32:59","slug":"lmsr-e-with-electric-engine","status":"publish","type":"product","link":"https:\/\/nordmeyer-dev.projekte-web.com\/es\/shop\/dynamic-probing\/lmsr-e-with-electric-engine\/","title":{"rendered":"LMSR-EK"},"content":{"rendered":"<p>El equipo LMSR-Ek es un equipo de investigaci\u00f3n de suelos y sondeos geot\u00e9cnicos altamente funcional y f\u00e1cilmente transporte debido a su m\u00e1stil de tipo plegable. Es un equipo sumamente vers\u00e1til e ideal para trabajar en espacios reducidos. Para el caso de trabajos al aire libre o en espacios exteriores, la maquina se puede transportar manualmente. A trav\u00e9s de dos husillos, se coloca el m\u00e1stil en posici\u00f3n vertical en el lugar de ubicaci\u00f3n del pozo. De modo de asegurar una posici\u00f3n estable para la realizaci\u00f3n de los trabajos, se coloca una peque\u00f1a tabla de madera cuadrada en la boca del pozo que rodea a la barra\/tubo perforador y otras dos tablas (m\u00e1s grandes) de forma rectangular por debajo de las ruedas. El equipo LMSR-Ek puede ser usado para medir la resistencia y compactaci\u00f3n de los suelos, as\u00ed como tambi\u00e9n para extraer muestras de los mismos para su posterior an\u00e1lisis. Esta m\u00e1quina es aplicable para sondeos geot\u00e9cnicos de tipo DPL, DPM y DPH. El peso de la maza se puede adaptar seg\u00fan el tipo de estudio que se persiga realizar, ya sea agregando o removiendo uno o dos bloques de 20kg. Se puede adem\u00e1s requerir opcionalmente un tr\u00edpode que act\u00faa como base-sost\u00e9n, y que permite realizar de forma m\u00e1s f\u00e1cil la extracci\u00f3n de muestras del suelo. La plataforma LMSR-Ek funciona mediante un motor el\u00e9ctrico, lo que permite su uso en espacios interiores. El desplazamiento de la maza sobre el m\u00e1stil se realiza a trav\u00e9s de un sistema de cadenas por lo que no es necesario un malacate o cabrestante manual.<\/p>\n","protected":false},"excerpt":{"rendered":"<p>El LMSR-EK es un equipo de investigaci\u00f3n de suelos altamente funcional y muy f\u00e1cil de transportar, debido a su m\u00e1stil de tipo plegable.<\/p>\n","protected":false},"featured_media":2030,"template":"","meta":[],"product_cat":[9],"product_tag":[335],"_links":{"self":[{"href":"https:\/\/nordmeyer-dev.projekte-web.com\/es\/wp-json\/wp\/v2\/product\/656"}],"collection":[{"href":"https:\/\/nordmeyer-dev.projekte-web.com\/es\/wp-json\/wp\/v2\/product"}],"about":[{"href":"https:\/\/nordmeyer-dev.projekte-web.com\/es\/wp-json\/wp\/v2\/types\/product"}],"wp:featuredmedia":[{"embeddable":true,"href":"https:\/\/nordmeyer-dev.projekte-web.com\/es\/wp-json\/wp\/v2\/media\/2030"}],"wp:attachment":[{"href":"https:\/\/nordmeyer-dev.projekte-web.com\/es\/wp-json\/wp\/v2\/media?parent=656"}],"wp:term":[{"taxonomy":"product_cat","embeddable":true,"href":"https:\/\/nordmeyer-dev.projekte-web.com\/es\/wp-json\/wp\/v2\/product_cat?post=656"},{"taxonomy":"product_tag","embeddable":true,"href":"https:\/\/nordmeyer-dev.projekte-web.com\/es\/wp-json\/wp\/v2\/product_tag?post=656"}],"curies":[{"name":"wp","href":"https:\/\/api.w.org\/{rel}","templated":true}]}}