{"id":644,"date":"2016-05-09T21:39:34","date_gmt":"2016-05-09T19:39:34","guid":{"rendered":"http:\/\/www.nordmeyer-geotool.de\/pl\/?post_type=product&#038;p=644"},"modified":"2021-04-16T18:49:24","modified_gmt":"2021-04-16T16:49:24","slug":"lmsr-on-trailer","status":"publish","type":"product","link":"https:\/\/nordmeyer-dev.projekte-web.com\/es\/shop\/soilinvestigation\/lmsr-on-trailer\/","title":{"rendered":"LMSR en Remolque"},"content":{"rendered":"<p>El LMSR en Remolque es un equipo de sondeos geot\u00e9cnicos altamente funcional, vers\u00e1til, completamente hidr\u00e1ulico y alimentado por una fuente de energ\u00eda hidr\u00e1ulica integrada. F\u00e1cilmente transportable, el LMSR en Remolque cuenta con 3 patas hidr\u00e1ulicas que garantizan un r\u00e1pido posicionamiento vertical as\u00ed como tambi\u00e9n la estabilidad necesaria para conducir los trabajos. El LMSR Modular puede ser usado para medir la resistencia y compactaci\u00f3n de los suelos, as\u00ed como tambi\u00e9n para extraer muestras de los mismos para su posterior an\u00e1lisis Esta plataforma es aplicable para ensayos de penetraci\u00f3n din\u00e1mica (DPL, DPM, DPH) y ensayos de penetraci\u00f3n est\u00e1ndar (SPT). El peso de la maza se puede adaptar seg\u00fan el tipo de estudio que se persiga realizar, ya sea agregando o removiendo los distintos bloques de peso. La altura de la maza puede variar tambi\u00e9n, entre 500 mm y 750 mm, gracias a un soporte adaptador. El desplazamiento de la maza sobre el m\u00e1stil se realiza a trav\u00e9s de un sistema de cadenas por lo que no es necesario un malacate o cabrestante manual. La fuente de energ\u00eda integrada ofrece la ventaja de que sirve tambi\u00e9n para realizar la extracci\u00f3n de las barras y\/o tubos sacamuestras empleados para la ejecuci\u00f3n de los trabajos.<\/p>\n<p>Por \u00faltimo, el LMSR en Remolque puede ser usado para conducir estudios de investigaci\u00f3n de suelos (gracias a su martillo hidr\u00e1ulico perforador) y perforaciones (gracias a su broca perforadora). Estas \u00faltimas dos funciones del equipo pueden transportarse tambi\u00e9n en el remolque\/trailer.<\/p>\n","protected":false},"excerpt":{"rendered":"<p>El LMSR en Remolque es un equipo de sondeos geot\u00e9cnicos altamente funcional, vers\u00e1til, completamente hidr\u00e1ulico y alimentado por una fuente de energ\u00eda hidr\u00e1ulica integrada. F\u00e1cilmente transportable, el LMSR en Remolque cuenta con 3 patas hidr\u00e1ulicas que garantizan un r\u00e1pido posicionamiento vertical as\u00ed como tambi\u00e9n la estabilidad necesaria para conducir los trabajos. El LMSR Modular puede [&hellip;]<\/p>\n","protected":false},"featured_media":1767,"template":"","meta":[],"product_cat":[10],"product_tag":[337,335],"_links":{"self":[{"href":"https:\/\/nordmeyer-dev.projekte-web.com\/es\/wp-json\/wp\/v2\/product\/644"}],"collection":[{"href":"https:\/\/nordmeyer-dev.projekte-web.com\/es\/wp-json\/wp\/v2\/product"}],"about":[{"href":"https:\/\/nordmeyer-dev.projekte-web.com\/es\/wp-json\/wp\/v2\/types\/product"}],"wp:featuredmedia":[{"embeddable":true,"href":"https:\/\/nordmeyer-dev.projekte-web.com\/es\/wp-json\/wp\/v2\/media\/1767"}],"wp:attachment":[{"href":"https:\/\/nordmeyer-dev.projekte-web.com\/es\/wp-json\/wp\/v2\/media?parent=644"}],"wp:term":[{"taxonomy":"product_cat","embeddable":true,"href":"https:\/\/nordmeyer-dev.projekte-web.com\/es\/wp-json\/wp\/v2\/product_cat?post=644"},{"taxonomy":"product_tag","embeddable":true,"href":"https:\/\/nordmeyer-dev.projekte-web.com\/es\/wp-json\/wp\/v2\/product_tag?post=644"}],"curies":[{"name":"wp","href":"https:\/\/api.w.org\/{rel}","templated":true}]}}