{"id":622,"date":"2016-05-09T21:26:49","date_gmt":"2016-05-09T19:26:49","guid":{"rendered":"http:\/\/www.nordmeyer-geotool.de\/pl\/?post_type=product&#038;p=622"},"modified":"2021-02-17T15:56:01","modified_gmt":"2021-02-17T14:56:01","slug":"gtr-780-standard","status":"publish","type":"product","link":"https:\/\/nordmeyer-dev.projekte-web.com\/es\/shop\/soilinvestigation\/gtr-780-standard\/","title":{"rendered":"GTR 780 Est\u00e1ndar"},"content":{"rendered":"<p>Este equipo permite la realizaci\u00f3n de ensayos de penetraci\u00f3n din\u00e1mica pesados (DP-H), medianos, livianos y ensayos de penetraci\u00f3n est\u00e1ndar (SPT) mediante la adaptaci\u00f3n de los distintos bloques de peso que conforman la maza, todo ello de acuerdo a la normativa DIN ISO 22476-2 y -3 (antigua DIN 4094). La altura de ca\u00edda de la maza puede adaptarse, ya sea para 50 cm o 75 cm. La plataforma GTR 780 Est\u00e1ndar es tambi\u00e9n apta para investigaci\u00f3n y muestreos de suelos hasta 90 mm de di\u00e1metro. Se encuentra montada sobre un sistema de orugas de caucho autopropulsado, lo que la hace especialmente adecuada para trabajos en terrenos de dif\u00edcil acceso. La posici\u00f3n del m\u00e1stil puede inclinarse hasta 30 grados sin problemas. Se trata de un equipo completamente hidr\u00e1ulico que contiene una v\u00e1lvula especial de autoreversa que permite la extracci\u00f3n de barras y\/o tubos sacamuestras. Posee un m\u00e1stil plegable de 1,2 m en posici\u00f3n de trabajo, lo que facilita su transporte y movimiento. El siguiente equipamiento viene junto con la m\u00e1quina, a saber: cajas laterales de acero para depositar tubos, barras y accesorios, abrazaderas, una placa ajustadora de tubos y\/o barras en la base del equipo y un paraguas protector para el caso de vientos y\/o lluvias. En resumen, todo el equipamiento necesario ya se encuentra incorporado a la estructura de la m\u00e1quina por lo que no es necesario hacer el esfuerzo de cargar herramientas o accesorios adicionales.<\/p>\n","protected":false},"excerpt":{"rendered":"<p>Este equipo permite la realizaci\u00f3n de ensayos de penetraci\u00f3n din\u00e1mica pesados (DP-H), medianos, livianos y ensayos de penetraci\u00f3n est\u00e1ndar (SPT) mediante la adaptaci\u00f3n de los bloques de peso que conforman la maza, todo ello de acuerdo a la normativa DIN ISO 22476-2 y -3 (antigua DIN 4094).<\/p>\n","protected":false},"featured_media":1740,"template":"","meta":[],"product_cat":[10],"product_tag":[337,335],"_links":{"self":[{"href":"https:\/\/nordmeyer-dev.projekte-web.com\/es\/wp-json\/wp\/v2\/product\/622"}],"collection":[{"href":"https:\/\/nordmeyer-dev.projekte-web.com\/es\/wp-json\/wp\/v2\/product"}],"about":[{"href":"https:\/\/nordmeyer-dev.projekte-web.com\/es\/wp-json\/wp\/v2\/types\/product"}],"wp:featuredmedia":[{"embeddable":true,"href":"https:\/\/nordmeyer-dev.projekte-web.com\/es\/wp-json\/wp\/v2\/media\/1740"}],"wp:attachment":[{"href":"https:\/\/nordmeyer-dev.projekte-web.com\/es\/wp-json\/wp\/v2\/media?parent=622"}],"wp:term":[{"taxonomy":"product_cat","embeddable":true,"href":"https:\/\/nordmeyer-dev.projekte-web.com\/es\/wp-json\/wp\/v2\/product_cat?post=622"},{"taxonomy":"product_tag","embeddable":true,"href":"https:\/\/nordmeyer-dev.projekte-web.com\/es\/wp-json\/wp\/v2\/product_tag?post=622"}],"curies":[{"name":"wp","href":"https:\/\/api.w.org\/{rel}","templated":true}]}}