{"id":620,"date":"2016-05-09T20:58:32","date_gmt":"2016-05-09T18:58:32","guid":{"rendered":"http:\/\/www.nordmeyer-geotool.de\/pl\/?post_type=product&#038;p=620"},"modified":"2021-02-24T20:50:52","modified_gmt":"2021-02-24T19:50:52","slug":"copy-of-gtr-790","status":"publish","type":"product","link":"https:\/\/nordmeyer-dev.projekte-web.com\/es\/shop\/soilinvestigation\/copy-of-gtr-790\/","title":{"rendered":"GTR 790"},"content":{"rendered":"<p>El equipo multi-funci\u00f3n GTR 790 (transportable sobre orugas) constituye una versi\u00f3n evolucionada de su antecesor GTR 780. Adem\u00e1s de contar con todas las funciones del GTR 780, este equipo se encuentra equipado tambi\u00e9n con martillos hidr\u00e1ulicos perforadores y\/o cabezales espec\u00edficos para trabajos de perforaci\u00f3n rotatoria. Cuenta con un motor Honda GX390 a gasolina y su dise\u00f1o le permite llevar a cabo distintos tipos de ensayos de campo. Por ejemplo, se pueden realizar ensayos de penetraci\u00f3n est\u00e1ndar (SPT) o trabajos de perforaci\u00f3n (de baja y mediana profundidad). En cuanto a sus funciones, la GTR 790 es una plataforma completamente hidr\u00e1ulica que cuenta adem\u00e1s con una v\u00e1lvula de autoreversa, cajas laterales de acero para depositar tubos, barras y accesorios, abrazaderas, una placa ajustadora de tubos y\/o barras en la base del equipo y un paraguas protector para el caso de vientos y\/o lluvias.<\/p>\n","protected":false},"excerpt":{"rendered":"<p>El equipo multi-funci\u00f3n GTR 790 (transportable sobre orugas) constituye una versi\u00f3n evolucionada de su antecesor GTR 780. Adem\u00e1s de contar con todas las funciones del GTR 780, este equipo se encuentra equipado tambi\u00e9n con martillos hidr\u00e1ulicos perforadores y\/o cabezales espec\u00edficos para trabajos de perforaci\u00f3n rotatoria.<\/p>\n","protected":false},"featured_media":1842,"template":"","meta":[],"product_cat":[10],"product_tag":[337,335],"_links":{"self":[{"href":"https:\/\/nordmeyer-dev.projekte-web.com\/es\/wp-json\/wp\/v2\/product\/620"}],"collection":[{"href":"https:\/\/nordmeyer-dev.projekte-web.com\/es\/wp-json\/wp\/v2\/product"}],"about":[{"href":"https:\/\/nordmeyer-dev.projekte-web.com\/es\/wp-json\/wp\/v2\/types\/product"}],"wp:featuredmedia":[{"embeddable":true,"href":"https:\/\/nordmeyer-dev.projekte-web.com\/es\/wp-json\/wp\/v2\/media\/1842"}],"wp:attachment":[{"href":"https:\/\/nordmeyer-dev.projekte-web.com\/es\/wp-json\/wp\/v2\/media?parent=620"}],"wp:term":[{"taxonomy":"product_cat","embeddable":true,"href":"https:\/\/nordmeyer-dev.projekte-web.com\/es\/wp-json\/wp\/v2\/product_cat?post=620"},{"taxonomy":"product_tag","embeddable":true,"href":"https:\/\/nordmeyer-dev.projekte-web.com\/es\/wp-json\/wp\/v2\/product_tag?post=620"}],"curies":[{"name":"wp","href":"https:\/\/api.w.org\/{rel}","templated":true}]}}