{"id":19,"date":"2016-05-02T12:41:23","date_gmt":"2016-05-02T10:41:23","guid":{"rendered":"http:\/\/www.nordmeyer-geotool.de\/pl\/?post_type=product&#038;p=19"},"modified":"2021-02-17T16:00:50","modified_gmt":"2021-02-17T15:00:50","slug":"gtr-780-rhb-mf-2","status":"publish","type":"product","link":"https:\/\/nordmeyer-dev.projekte-web.com\/es\/shop\/soilinvestigation\/gtr-780-rhb-mf-2\/","title":{"rendered":"GTR 1100 RHB MF"},"content":{"rendered":"<p>Esta m\u00e1quina multi-funci\u00f3n fue dise\u00f1ada como una s\u00f3lida y poderosa plataforma de perforaci\u00f3n de suelos, adaptable perfectamente a distintos tipos de perforaci\u00f3n. Un verdadero equipo todo-terreno que combina distintos tipos de perforaci\u00f3n, todo ello en una s\u00f3lida y compacta plataforma. Todas sus funciones son completamente hidr\u00e1ulicas y, adem\u00e1s, es un equipo de r\u00e1pido y f\u00e1cil movimiento en terrenos dif\u00edciles y monta\u00f1osos gracias a sus orugas transportadoras, lo que permite inclinar la posici\u00f3n de la m\u00e1quina hasta 30 grados sin problemas.<\/p>\n<p>El GTR 1100 RHB MF puede emplearse para ensayos SPT (63,5 kg), AFNOR A (128 kg) y perforaciones con martillos hidr\u00e1ulicos de hasta 39kg. Sirve tambi\u00e9n para llevar a cabo trabajos de perforaci\u00f3n rotatoria de gran alcance (hasta 2.500 Nm). Otras t\u00e9cnicas de perforaci\u00f3n tales como \u201cflush drilling\u201d y perforaci\u00f3n con percusi\u00f3n pueden efectuarse tambi\u00e9n con este equipo.<\/p>\n","protected":false},"excerpt":{"rendered":"<p>Esta m\u00e1quina multi-funci\u00f3n fue dise\u00f1ada como una s\u00f3lida y poderosa plataforma de perforaci\u00f3n de suelos, adaptable perfectamente a distintos tipos de perforaci\u00f3n. Un verdadero equipo todo-terreno que combina distintos tipos de perforaci\u00f3n, todo ello en una s\u00f3lida y compacta plataforma. Todas sus funciones son completamente hidr\u00e1ulicas y, adem\u00e1s, es un equipo de r\u00e1pido y f\u00e1cil [&hellip;]<\/p>\n","protected":false},"featured_media":1748,"template":"","meta":[],"product_cat":[10],"product_tag":[338,337,339,335],"_links":{"self":[{"href":"https:\/\/nordmeyer-dev.projekte-web.com\/es\/wp-json\/wp\/v2\/product\/19"}],"collection":[{"href":"https:\/\/nordmeyer-dev.projekte-web.com\/es\/wp-json\/wp\/v2\/product"}],"about":[{"href":"https:\/\/nordmeyer-dev.projekte-web.com\/es\/wp-json\/wp\/v2\/types\/product"}],"wp:featuredmedia":[{"embeddable":true,"href":"https:\/\/nordmeyer-dev.projekte-web.com\/es\/wp-json\/wp\/v2\/media\/1748"}],"wp:attachment":[{"href":"https:\/\/nordmeyer-dev.projekte-web.com\/es\/wp-json\/wp\/v2\/media?parent=19"}],"wp:term":[{"taxonomy":"product_cat","embeddable":true,"href":"https:\/\/nordmeyer-dev.projekte-web.com\/es\/wp-json\/wp\/v2\/product_cat?post=19"},{"taxonomy":"product_tag","embeddable":true,"href":"https:\/\/nordmeyer-dev.projekte-web.com\/es\/wp-json\/wp\/v2\/product_tag?post=19"}],"curies":[{"name":"wp","href":"https:\/\/api.w.org\/{rel}","templated":true}]}}