{"id":830,"date":"2016-05-16T16:25:31","date_gmt":"2016-05-16T14:25:31","guid":{"rendered":"http:\/\/www.nordmeyer-geotool.de\/pl\/?page_id=830"},"modified":"2021-01-27T14:27:01","modified_gmt":"2021-01-27T13:27:01","slug":"partner-2","status":"publish","type":"page","link":"https:\/\/nordmeyer-dev.projekte-web.com\/es\/geraetekonfigurator\/partner-2\/","title":{"rendered":"Partner"},"content":{"rendered":"<div>\n<article class=\"product sect-text\">\n<div>\n<div>\n<article class=\"product sect-text\">Nordmeyer GEOTOOL trabaja conjuntamente con distribuidores en Alemania y a lo largo de\u00a0toda Europa. Gracias a nuestras alianzas estrat\u00e9gicas con ellos, estamos presentes en una gran cantidad de mercados al m\u00e1s alto nivel. Todos los productos que usted puede adquirir de\u00a0Nordmeyer GEOTOOL,\u00a0podr\u00e1 tambi\u00e9n adquirirlos de nuestros distribuidores socios. Aqu\u00ed podr\u00e1 encontrar a cada uno de los distribuidores con los que trabajamos.<\/article>\n<\/div>\n<\/div>\n<\/article>\n<\/div>\n","protected":false},"excerpt":{"rendered":"<p>Nordmeyer GEOTOOL trabaja conjuntamente con distribuidores en Alemania y a lo largo de\u00a0toda Europa. Gracias a nuestras alianzas estrat\u00e9gicas con ellos, estamos presentes en una gran cantidad de mercados al m\u00e1s alto nivel. Todos los productos que usted puede adquirir de\u00a0Nordmeyer GEOTOOL,\u00a0podr\u00e1 tambi\u00e9n adquirirlos de nuestros distribuidores socios. Aqu\u00ed podr\u00e1 encontrar a cada uno de [&hellip;]<\/p>\n","protected":false},"author":57,"featured_media":0,"parent":814,"menu_order":0,"comment_status":"closed","ping_status":"closed","template":"page-config.php","meta":[],"_links":{"self":[{"href":"https:\/\/nordmeyer-dev.projekte-web.com\/es\/wp-json\/wp\/v2\/pages\/830"}],"collection":[{"href":"https:\/\/nordmeyer-dev.projekte-web.com\/es\/wp-json\/wp\/v2\/pages"}],"about":[{"href":"https:\/\/nordmeyer-dev.projekte-web.com\/es\/wp-json\/wp\/v2\/types\/page"}],"author":[{"embeddable":true,"href":"https:\/\/nordmeyer-dev.projekte-web.com\/es\/wp-json\/wp\/v2\/users\/57"}],"replies":[{"embeddable":true,"href":"https:\/\/nordmeyer-dev.projekte-web.com\/es\/wp-json\/wp\/v2\/comments?post=830"}],"version-history":[{"count":6,"href":"https:\/\/nordmeyer-dev.projekte-web.com\/es\/wp-json\/wp\/v2\/pages\/830\/revisions"}],"predecessor-version":[{"id":1075,"href":"https:\/\/nordmeyer-dev.projekte-web.com\/es\/wp-json\/wp\/v2\/pages\/830\/revisions\/1075"}],"up":[{"embeddable":true,"href":"https:\/\/nordmeyer-dev.projekte-web.com\/es\/wp-json\/wp\/v2\/pages\/814"}],"wp:attachment":[{"href":"https:\/\/nordmeyer-dev.projekte-web.com\/es\/wp-json\/wp\/v2\/media?parent=830"}],"curies":[{"name":"wp","href":"https:\/\/api.w.org\/{rel}","templated":true}]}}