{"id":820,"date":"2016-05-16T16:03:58","date_gmt":"2016-05-16T14:03:58","guid":{"rendered":"http:\/\/www.nordmeyer-geotool.de\/pl\/?page_id=820"},"modified":"2021-03-05T16:38:21","modified_gmt":"2021-03-05T15:38:21","slug":"data-protection","status":"publish","type":"page","link":"https:\/\/nordmeyer-dev.projekte-web.com\/es\/data-protection\/","title":{"rendered":"protecci\u00f3n de datos"},"content":{"rendered":"<p><strong>Informaci\u00f3n sobre protecci\u00f3n de datos<\/strong><\/p>\n<p>El uso de este sitio web puede estar vinculado al tratamiento de datos personales. Para que usted pueda entender totalmente este proceso, vamos a explic\u00e1rselo mediante la siguiente informaci\u00f3n. Con el fin de garantizar un tratamiento de los datos correcto, le informamos tambi\u00e9n acerca de sus derechos seg\u00fan lo dispuesto en el Reglamento General de Protecci\u00f3n de Datos (RGPD) y la Ley Federal alemana de Protecci\u00f3n de Datos (BDSG).<br \/>\nEl responsable del procesamiento de datos es la empresa Nordmeyer GEOTOOL GmbH, Weststra\u00dfe 6, 16356 Werneuchen (en lo sucesivo denominada &#8220;nosotros&#8221;).<\/p>\n<p><strong>\u00cdndice<\/strong><\/p>\n<ol>\n<li>Informaci\u00f3n general<br \/>\na. Contacto<br \/>\nb. Informaci\u00f3n general sobre el tratamiento de datos<br \/>\nc. Duraci\u00f3n del almacenamiento<br \/>\nd. Proveedor de servicios t\u00e9cnicos<br \/>\ne. Cifrado SSL<br \/>\n2. Procesamiento de archivos de registro de servidor<br \/>\n3. Formulario de contacto<br \/>\n4. Registro<br \/>\n5. Cookies<br \/>\n6. Google Analytics<br \/>\n7. Servicios integrados y contenidos de terceros<br \/>\n8. Solicitudes<br \/>\n9. Sus derechos<br \/>\n10. Encargado de la protecci\u00f3n de datos<br \/>\n11. Presentaci\u00f3n de quejas ante una autoridad supervisora<\/li>\n<\/ol>\n<p><strong>1. Informaci\u00f3n general<\/strong><br \/>\n<strong>a. Contacto<\/strong><\/p>\n<p>En el caso de que tuviera preguntas o sugerencias relativas a esta informaci\u00f3n o deseara ponerse en contacto con nosotros para hacer valer sus derechos, le rogamos se dirija a:<br \/>\nNordmeyer GEOTOOL GmbH<br \/>\nWeststra\u00dfe 6<br \/>\n16356 Werneuchen<br \/>\nCorreo electr\u00f3nico: info@nordmeyer-geotool.de<\/p>\n<p><strong>b. Informaci\u00f3n general sobre el tratamiento de datos<\/strong><\/p>\n<p>Su uso de este sitio web puede dar lugar al tratamiento de sus datos personales. El concepto jur\u00eddico de &#8220;datos personales&#8221; relativo a la protecci\u00f3n de datos designa cualquier informaci\u00f3n referida a una persona determinada o determinable. Por lo tanto, la direcci\u00f3n IP se puede considerar un dato personal. El proveedor de servicios de internet asigna a cada persona con un dispositivo conectado a internet una direcci\u00f3n IP, para que pueda enviar y recibir datos.<br \/>\nNuestra empresa procesa los datos personales seg\u00fan la normativa de protecci\u00f3n de datos vigente y, en concreto, conforme a lo dispuesto en el Reglamento General de Protecci\u00f3n de Datos (RGPD) y en la Ley Federal alemana de Protecci\u00f3n de Datos (BDSG). Solo procesamos los datos de acuerdo con una autorizaci\u00f3n legal. Asimismo, solo procesamos sus datos personales con su consentimiento (art. 6 apdo. 1 letra a) del RGPD) para la ejecuci\u00f3n de un contrato en el cual usted es parte o a su solicitud de aplicaci\u00f3n de medidas precontractuales (art. 6 apdo. 1 letra b) del RGPD), para el cumplimiento de una obligaci\u00f3n legal (art. 6 apdo. 1 letra c) del RGPD) o cuando el procesamiento es necesario para la salvaguardia de nuestros intereses leg\u00edtimos o de los intereses leg\u00edtimos de un tercero, salvo que prevalezcan sus intereses o sus derechos y libertades fundamentales, que requieren la protecci\u00f3n de sus datos personales (art. 6 apdo. 1 letra f) del RGPD). Cuando usted nos env\u00eda una solicitud de empleo, tambi\u00e9n procesamos sus datos personales para la toma decisi\u00f3n sobre la formalizaci\u00f3n de un contrato de trabajo (art. 26 apdo. 1 de la Ley federal de protecci\u00f3n de datos).<\/p>\n<p><strong>c. Duraci\u00f3n del almacenamiento<\/strong><\/p>\n<p>A menos que se indique lo contrario en las observaciones siguientes, almacenamos los datos siempre que sea necesario para lograr la finalidad del procesamiento o para el cumplimiento de nuestras obligaciones contractuales o legales. Tales obligaciones legales de almacenamiento pueden derivarse especialmente de la normativa fiscal o comercial.<\/p>\n<p><strong>d. Proveedor de servicios t\u00e9cnicos<\/strong><\/p>\n<p>A menos que se indique lo contrario en las siguientes observaciones, el tratamiento de datos ser\u00e1 efectuado en los servidores de los proveedores de servicios t\u00e9cnicos radicados en la Uni\u00f3n Europea o en los estados miembros del Espacio Econ\u00f3mico Europeo, a los que hemos encargado dicha prestaci\u00f3n de servicio. Estos proveedores de servicios solo procesan los datos conforme a nuestras instrucciones espec\u00edficas y est\u00e1n contractualmente obligados a garantizar las medidas t\u00e9cnicas y organizativas adecuadas para la protecci\u00f3n de los datos.<\/p>\n<p><strong>e. Cifrado SSL<\/strong><\/p>\n<p>Nuestro sitio web utiliza cifrado SSL por motivos de seguridad y para proteger la transmisi\u00f3n de contenido confidencial como, por ejemplo, las solicitudes que usted nos env\u00eda. Puede reconocer una conexi\u00f3n cifrada en que cambia la l\u00ednea de direcci\u00f3n del navegador de &#8220;http:\/\/&#8221; a &#8220;https:\/\/&#8221; y por el s\u00edmbolo de bloqueo en la l\u00ednea de su navegador. Si el cifrado SSL est\u00e1 habilitado, los datos que nos env\u00ede no podr\u00e1n ser le\u00eddos por terceros.<\/p>\n<p><strong>2. Procesamiento de archivos de registro de servidor<\/strong><\/p>\n<p>Durante el uso meramente informativo de nuestro sitio web (es decir, no con el registro) se almacena autom\u00e1ticamente informaci\u00f3n general que su navegador web transmite a nuestro servidor. La informaci\u00f3n transmitida incluye: el tipo\/versi\u00f3n del navegador, el sistema operativo, la p\u00e1gina consultada, la p\u00e1gina previamente visitada (URL de referencia), la direcci\u00f3n IP, la fecha y la hora de la solicitud al servidor y el c\u00f3digo de estado HTTP. El procesamiento se realiza para salvaguardar nuestros intereses leg\u00edtimos y se basa en el fundamento jur\u00eddico recogido en el art. 6 apdo. 1\u00a0 letra f) RGPD. Este procesamiento se utiliza para la administraci\u00f3n t\u00e9cnica y para la seguridad del sitio web. Los datos almacenados ser\u00e1n eliminados cuando hubiera evidencias concretas, que nos hicieran sospechar de la existencia de un uso il\u00edcito y cuando, por este motivo, fuera necesario realizar una inspecci\u00f3n y un tratamiento m\u00e1s amplios de la informaci\u00f3n.<\/p>\n<p><strong>3. Formulario de contacto<\/strong><\/p>\n<p>Nuestro sitio web contiene un formulario de contacto a trav\u00e9s del cual usted puede enviarnos mensajes. Los campos de datos son necesarios para el procesamiento de su solicitud. Si usted no cumplimenta dicho formulario, no podremos procesar su solicitud. Usted tambi\u00e9n nos puede enviar un mensaje mediante la direcci\u00f3n de correo electr\u00f3nico de contacto. El fundamento jur\u00eddico para el procesamiento de datos es el art. 6 apdo. 1 letra b) del RGPD.<\/p>\n<p><strong>4. Registro<\/strong><\/p>\n<p>Para poder utilizar determinadas funciones del sitio web hay que registrase en el mismo. Los datos necesarios se muestran en la m\u00e1scara de entrada del registro. Para que se pueda completar el registro, es obligatorio proporcionar la informaci\u00f3n marcada como obligatoria. El resto de datos son voluntarios. El procesamiento de los datos tiene como finalidad la prestaci\u00f3n del servicio. Dicho procesamiento tiene como fundamento jur\u00eddico el art\u00edculo 6 apdo. 1 letra b) del RGPD.<\/p>\n<p><strong>5. Cookies<\/strong><\/p>\n<p>En nuestro sitio web utilizamos cookies. Las cookies son peque\u00f1os archivos de texto, que guarda su navegador cuando usted visita un sitio web. De este modo, su navegador queda marcado y puede volver a ser reconocido por nuestro servidor web. El uso de las cookies para el procesamiento de datos personales tiene como fundamento jur\u00eddico el art. 6 apdo. 1 letra f) del RGPD. Nos servimos del procesamiento para salvaguardar nuestros intereses leg\u00edtimos y para que el uso de nuestro sitio web sea m\u00e1s sencillo, eficaz y seguro. Las &#8220;cookies de sesi\u00f3n&#8221; se borran autom\u00e1ticamente despu\u00e9s de su visita. Las cookies persistentes se eliminan autom\u00e1ticamente despu\u00e9s de un per\u00edodo especificado, que puede variar dependiendo de la cookie. Usted puede eliminar las cookies en cualquier momento a trav\u00e9s de la configuraci\u00f3n de seguridad de su navegador. Mediante la configuraci\u00f3n de su navegador web, usted puede impedir totalmente el uso de las cookies configurando o impedir dicho uso para determinados casos. Encontrar\u00e1 m\u00e1s informaci\u00f3n a este respecto en <a href=\"http:\/\/transparencia.gob.es\/transparencia\/transparencia_Home\/Utilidades\/Politica-cookies.html\">http:\/\/transparencia.gob.es\/transparencia\/transparencia_Home\/Utilidades\/Politica-cookies.html<\/a>.<\/p>\n<p><strong>6. Google Analytics<\/strong><\/p>\n<p>Para evaluar las visitas a nuestro sitio web, utilizamos el servicio de Google Analytics, de Google LLC (1600 Amphitheatre Parkway, Mountain View, CA 94043, EE.UU.; &#8220;Google&#8221;) Google utiliza cookies, que permiten analizar su uso de nuestro sitio web. La informaci\u00f3n generada mediante las cookies sobre el uso de nuestro sitio web por parte del usuario se env\u00eda generalmente a un servidor de Google en EE.UU., en donde se almacena. Google usar\u00e1 esta informaci\u00f3n en nuestro nombre para evaluar el uso de nuestra oferta en l\u00ednea por parte del usuario, para compilar informes sobre las actividades enmarcadas dentro de dicho sitio web y para prestar servicios relacionados con la actividad del sitio web y el uso de Internet. Al mismo tiempo, es posible que se creen perfiles seud\u00f3nimos de utilizaci\u00f3n de los usuarios a partir de los datos procesados. Utilizamos Google Analytics solo con el anonimizador de IP activado. Esto significa que la direcci\u00f3n IP del usuario ser\u00e1 abreviada por Google dentro de los estados miembros de la Uni\u00f3n Europea o de otros estados parte del Acuerdo sobre el Espacio Econ\u00f3mico Europeo. Solo en casos excepcionales se transmite la direcci\u00f3n IP completa a un servidor de Google en Estados Unidos, donde es abreviada. La direcci\u00f3n IP enviada desde el navegador del usuario no se asociar\u00e1 a ning\u00fan otro dato del que disponga Google. Los usuarios pueden rechazar el uso de cookies configurando debidamente su\u00a0navegador. El fundamento jur\u00eddico del procesamiento de datos en relaci\u00f3n con el servicio de Google Analytics es el art. 6 apdo. 1. letra f) del RGPD y el procesamiento de datos sirve al leg\u00edtimo inter\u00e9s de realizar an\u00e1lisis del comportamiento del usuario en nuestro sitio web y para el dise\u00f1o de sitios web a medida. Usted puede oponerse al uso de cookies mediante la configuraci\u00f3n correspondiente de su\u00a0navegador. Asimismo, tambi\u00e9n puede oponerse a la recopilaci\u00f3n de la informaci\u00f3n generada por la cookie descargando e instalando el plugin de navegador disponible en el siguiente enlace: <a href=\"https:\/\/tools.google.com\/dlpage\/gaoptout?hl=es\">https:\/\/tools.google.com\/dlpage\/gaoptout?hl=es<\/a>. Cuando usted visita nuestro sitio web mediante un dispositivo m\u00f3vil, puede deshabilitar Google Analytics pinchando en este enlace.<br \/>\nGoogle est\u00e1 certificado conforme al Escudo de Privacidad UE-EE.UU. y garantiza el cumplimiento de la legislaci\u00f3n europea de protecci\u00f3n de datos (<a href=\"https:\/\/www.privacyshield.gov\/participant?id=a2zt000000001L5AAI&amp;status=Active\">https:\/\/www.privacyshield.gov\/participant?id=a2zt000000001L5AAI&amp;status=Active<\/a>).<\/p>\n<p><strong>7. Servicios integrados y contenidos de terceros<\/strong><\/p>\n<p>En nuestro sitio web proporcionamos servicios y contenidos suministrados por proveedores. Para dicha integraci\u00f3n, es t\u00e9cnicamente necesario procesar su direcci\u00f3n IP con el fin de poder enviar los contenidos a su navegador. Por lo tanto, su direcci\u00f3n IP es transmitida al proveedor correspondiente. Nos servimos de este procesamiento de datos para salvaguardar nuestros intereses leg\u00edtimos de optimizaci\u00f3n y operaci\u00f3n eficiente de nuestro sitio web y el fundamento jur\u00eddico de este procesamiento es el art. 6 apdo. 1 letra. f) del RGPD. Para la integraci\u00f3n de los contenidos utilizamos JavaScript. Por lo tanto, usted puede oponerse al tratamiento de sus datos desactivando la ejecuci\u00f3n de JavaScript en su navegador o instalando un bloqueador de JavaScript. Le rogamos tenga en cuenta, que esto podr\u00eda conllevar restricciones funcionales en el sitio web.<br \/>\nHemos integrado en nuestro sitio web &#8220;Google Maps&#8221; para la representaci\u00f3n de mapas, El servicio es proporcionado por Google LLC, 1600 Amphitheatre Parkway, Mountain View, CA 94043, EE.UU. (&#8220;Google&#8221;). Google est\u00e1 certificado conforme al Escudo de Privacidad UE-EE.UU. y garantiza el cumplimiento de la legislaci\u00f3n europea de protecci\u00f3n de datos (<a href=\"https:\/\/www.privacyshield.gov\/participant?id=a2zt000000001L5AAI&amp;status=Active\">https:\/\/www.privacyshield.gov\/participant?id=a2zt000000001L5AAI&amp;status=Active<\/a>).<\/p>\n<p><strong>8. Solicitudes<\/strong><\/p>\n<p>Usted tiene la posibilidad de anunciarse en puestos vacantes de nuestro sitio web. Cuando usted se anuncia con nosotros, procesamos sus datos de solicitud para fines relacionados con su inter\u00e9s en un puesto de trabajo actual o futuro con nosotros y para la tramitaci\u00f3n de su solicitud. Su solicitud solo ser\u00e1 procesada y tenida en cuenta por nuestros interlocutores correspondientes. Todos los empleados encargados del procesamiento de los datos est\u00e1n obligados a respetar la confidencialidad de sus datos. El fundamento jur\u00eddico para el procesamiento de datos es el art. 26 apdo. 1 del RGPD. Si no pudi\u00e9ramos ofrecerle ning\u00fan puesto de trabajo, conservaremos sus datos de solicitud durante un plazo m\u00e1ximo de seis meses desde el posible rechazo a efectos de poder responder a preguntas relacionadas con su solicitud y su rechazo. Tambi\u00e9n es posible que almacenemos sus datos durante un periodo m\u00e1s largo cuando la legislaci\u00f3n se oponga a dicha eliminaci\u00f3n, cuando sea necesario alargar el almacenamiento a efectos de prueba o cuando usted haya autorizado expresamente un almacenamiento m\u00e1s largo.<\/p>\n<p><strong>9. Sus derechos<\/strong><\/p>\n<p>Como interesado, usted tiene derecho a ejercer sus derechos de persona interesada. En concreto, usted posee los siguientes derechos:<\/p>\n<p>\u2022 Conforme a lo dispuesto en los art. 15 del RGPD y art. 34 de la BDSG, usted tiene el derecho de solicitar confirmaci\u00f3n de si se est\u00e1n tratando o no datos personales que le conciernen y en qu\u00e9 medida.<br \/>\n\u2022 Conforme a lo dispuesto en el art. 16 del RGPD, usted tiene derecho a exigirnos la rectificaci\u00f3n de sus datos.<br \/>\n\u2022 Conforme a lo dispuesto en el art. 17 del RGPD y en el art. 35 de la BDSG, usted tiene derecho a exigirnos la eliminaci\u00f3n de sus datos personales.<br \/>\n\u2022 Conforme a lo dispuesto en el art. 18 del RGPD, usted tiene derecho a limitar el procesamiento de sus datos personales.<br \/>\n\u2022 Conforme a lo dispuesto en el art. 20 del RGPD, tiene derecho a recibir los datos personales que le incumban, que haya facilitado a un responsable del tratamiento, en un formato estructurado, de uso com\u00fan y lectura mec\u00e1nica, y a transmitirlos a otro responsable del tratamiento.<br \/>\n\u2022 Conforme a lo establecido en el art. 21 apdo. 1 del RGPD, usted tiene derecho a oponerse a que datos personales que le conciernan sean objeto de un tratamiento basado en lo dispuesto en el art. 6, apdo. 1, letras e) o f).<br \/>\n\u2022 Conforme a lo dispuesto en el art. 21 apdos. 2 y 3 del RGPD, usted tiene derecho a oponerse al tratamiento de sus datos personales a efectos de mercadotenia directa.<br \/>\n\u2022 Usted puede revocar su consentimiento conforme a lo dispuesto en el art. 7 apdo. 3 del RGPD. No obstante, dicha revocaci\u00f3n no afectar\u00e1 a la legalidad del procesamiento que hubiera tenido lugar hasta el momento de dicha revocaci\u00f3n.<\/p>\n<p><strong>10. Responsable de la protecci\u00f3n de datos<\/strong><\/p>\n<p>Conforme a lo establecido en el art. 37 del RGPD y en el art. 38 de la BDSG, estamos obligados a designar a un responsable de protecci\u00f3n de datos. Para las preguntas relacionadas con el procesamiento de sus datos personales, le rogamos se dirija a los datos de contacto antes indicados.<\/p>\n<p><strong>11. Presentaci\u00f3n de quejas ante una autoridad supervisora<\/strong><\/p>\n<p>Si usted considera que el tratamiento de sus datos personales es contrario a las disposiciones del RGPD, conforme a lo dispuesto en el art. 77 RGPD, usted tiene el derecho a presentar una reclamaci\u00f3n ante una autoridad de control.<\/p>\n","protected":false},"excerpt":{"rendered":"<p>Informaci\u00f3n sobre protecci\u00f3n de datos El uso de este sitio web puede estar vinculado al tratamiento de datos personales. Para que usted pueda entender totalmente este proceso, vamos a explic\u00e1rselo mediante la siguiente informaci\u00f3n. Con el fin de garantizar un tratamiento de los datos correcto, le informamos tambi\u00e9n acerca de sus derechos seg\u00fan lo dispuesto [&hellip;]<\/p>\n","protected":false},"author":13,"featured_media":0,"parent":0,"menu_order":0,"comment_status":"closed","ping_status":"closed","template":"page-wc.php","meta":[],"_links":{"self":[{"href":"https:\/\/nordmeyer-dev.projekte-web.com\/es\/wp-json\/wp\/v2\/pages\/820"}],"collection":[{"href":"https:\/\/nordmeyer-dev.projekte-web.com\/es\/wp-json\/wp\/v2\/pages"}],"about":[{"href":"https:\/\/nordmeyer-dev.projekte-web.com\/es\/wp-json\/wp\/v2\/types\/page"}],"author":[{"embeddable":true,"href":"https:\/\/nordmeyer-dev.projekte-web.com\/es\/wp-json\/wp\/v2\/users\/13"}],"replies":[{"embeddable":true,"href":"https:\/\/nordmeyer-dev.projekte-web.com\/es\/wp-json\/wp\/v2\/comments?post=820"}],"version-history":[{"count":14,"href":"https:\/\/nordmeyer-dev.projekte-web.com\/es\/wp-json\/wp\/v2\/pages\/820\/revisions"}],"predecessor-version":[{"id":1894,"href":"https:\/\/nordmeyer-dev.projekte-web.com\/es\/wp-json\/wp\/v2\/pages\/820\/revisions\/1894"}],"wp:attachment":[{"href":"https:\/\/nordmeyer-dev.projekte-web.com\/es\/wp-json\/wp\/v2\/media?parent=820"}],"curies":[{"name":"wp","href":"https:\/\/api.w.org\/{rel}","templated":true}]}}